{"id":89,"date":"2026-01-14T09:04:14","date_gmt":"2026-01-14T09:04:14","guid":{"rendered":"https:\/\/curiosax.com\/cookie-policy\/"},"modified":"2026-01-22T17:29:40","modified_gmt":"2026-01-22T17:29:40","slug":"cookie-policy","status":"publish","type":"page","link":"https:\/\/curiosax.com\/ro\/cookie-policy\/","title":{"rendered":"Politica privind cookie-urile"},"content":{"rendered":"<div data-elementor-type=\"wp-page\" data-elementor-id=\"89\" class=\"elementor elementor-89\" data-elementor-post-type=\"page\">\n\t\t\t\t<div class=\"elementor-element elementor-element-450cae26 e-flex e-con-boxed e-con e-parent\" data-id=\"450cae26\" data-element_type=\"container\" data-e-type=\"container\" data-settings=\"{&quot;background_background&quot;:&quot;classic&quot;}\">\n\t\t\t\t\t<div class=\"e-con-inner\">\n\t\t\t\t<div class=\"elementor-element elementor-element-33ba68d7 elementor-widget elementor-widget-heading\" data-id=\"33ba68d7\" data-element_type=\"widget\" data-e-type=\"widget\" data-widget_type=\"heading.default\">\n\t\t\t\t\t<h2 class=\"elementor-heading-title elementor-size-default\">Politica privind cookie-urile<\/h2>\t\t\t\t<\/div>\n\t\t\t\t\t<\/div>\n\t\t\t\t<\/div>\n\t\t<div class=\"elementor-element elementor-element-4f2754ab e-flex e-con-boxed e-con e-parent\" data-id=\"4f2754ab\" data-element_type=\"container\" data-e-type=\"container\">\n\t\t\t\t\t<div class=\"e-con-inner\">\n\t\t\t\t<div class=\"elementor-element elementor-element-1aea267e elementor-widget elementor-widget-text-editor\" data-id=\"1aea267e\" data-element_type=\"widget\" data-e-type=\"widget\" data-widget_type=\"text-editor.default\">\n\t\t\t\t\t\t\t\t\t<p><strong>Navigarea pe site-ul curiosax.com (denumit \u00een continuare \u0219i \u201csite-ul\u201d) implic\u0103 trimiterea de module cookie \u0219i instrumente similare c\u0103tre terminalul utilizatorului.<\/strong><\/p><section data-particle_enable=\"false\" data-particle-mobile-disabled=\"false\" data-id=\"29efe3bb\" data-element_type=\"section\"><div><div data-id=\"7b6096bb\" data-element_type=\"column\"><div><div data-id=\"4f8dbe0d\" data-element_type=\"widget\" data-widget_type=\"text-editor.default\"><div><p>Prin urmare, astfel cum este prev\u0103zut de articolele. 13 \u0219i 122 din Decretul-lege 196\/2003 (\u201ccodul de confiden\u021bialitate\u201d), precum \u0219i \u00een conformitate cu dispozi\u021biile Dispozi\u021biei generale a garantului de confiden\u021bialitate din 8 mai 2014, curiosax.com, operator de date, (indicat ca \u201coperator de date\u201d sau \u201ccuriosax\u201d), ofer\u0103 utilizatorilor informa\u021bii referitoare la cookie-uri sau sisteme similare utilizate sau a c\u0103ror instalare este permis\u0103.<\/p><p>Ce sunt modulele cookie<\/p><p>Cookie-urile sunt mici \u0219iruri de text pe care site-urile vizitate de utilizator le trimit c\u0103tre terminalul acestuia (de obicei c\u0103tre browser), unde sunt stocate \u00eenainte de a fi retransmise c\u0103tre acelea\u0219i site-uri la urm\u0103toarea vizit\u0103 a aceluia\u0219i utilizator.<\/p><p>Acestea sunt \u00eemp\u0103r\u021bite \u00een module cookie tehnice (utilizate exclusiv \u00een scopul transmiterii unei comunic\u0103ri pe o re\u021bea de comunica\u021bii electronice sau \u00een m\u0103sura strict necesar\u0103 pentru furnizarea unui serviciu al societ\u0103\u021bii informa\u021bionale solicitat \u00een mod explicit) sau module cookie de profilare (care vizeaz\u0103 crearea de profiluri referitoare la utilizator \u0219i utilizate \u00een scopul trimiterii de mesaje publicitare \u00een conformitate cu preferin\u021bele exprimate de utilizator \u00een timpul navig\u0103rii).<\/p><p>\u00cen timpul navig\u0103rii, utilizatorul poate, de asemenea, s\u0103 primeasc\u0103 pe terminalul s\u0103u module cookie care sunt trimise de diferite site-uri sau servere web (a\u0219a-numitele module cookie \u201cter\u021be p\u0103r\u021bi\u201d), setate direct de administratorii site-urilor respective \u0219i utilizate \u00een scopurile \u0219i conform metodelor definite de ace\u0219tia.<\/p><p>Care sunt instrumentele similare pentru care se aplic\u0103 acelea\u0219i reguli ca \u0219i pentru cookie-uri<\/p><p>Regulamentul privind utilizarea modulelor cookie se refer\u0103 \u0219i la alte instrumente similare.<\/p><p>Acestea sunt acele instrumente (cum ar fi pixeli, balize web, bug-uri web, GIF-uri clare sau altele) care permit identificarea utilizatorului sau a terminalului \u0219i care, prin urmare, au fost incluse \u00een domeniul de aplicare al dispozi\u021biei Garantului de confiden\u021bialitate din 8 mai 2014.<\/p><p>Tipuri de module cookie utilizate de acest site<\/p><p>Site-ul utilizeaz\u0103 module cookie tehnice, precum \u0219i module cookie de analiz\u0103 ter\u021b\u0103 parte \u0219i module cookie de profilare ter\u021b\u0103 parte \u0219i instrumente similare.<\/p><p>Module cookie tehnice<\/p><p>Site-ul utilizeaz\u0103 module cookie tehnice, cu privire la care, \u00een conformitate cu art. 122 din Codul de confiden\u021bialitate \u0219i cu Dispozi\u021bia garantului din 8 mai 2014, nu este necesar consim\u021b\u0103m\u00e2ntul p\u0103r\u021bii interesate.<\/p><p>Mai exact, site-ul utilizeaz\u0103 urm\u0103toarele module cookie tehnice:<\/p><table><tbody><tr><td><p>NUME COOKIE<\/p><\/td><td><p>EXPIRA\u021aIE<\/p><\/td><\/tr><tr><td><p>PHPSESSID<\/p><\/td><td><p>La sf\u00e2r\u0219itul sesiunii de navigare<\/p><\/td><\/tr><tr><td><p>Icl_current_language (pentru a stoca limba selectat\u0103)<\/p><\/td><td><p>La sf\u00e2r\u0219itul sesiunii de navigare<\/p><\/td><\/tr><tr><td><p>wordpress_logged_in_(pentru a stoca acredit\u0103rile de acces la zona rezervat\u0103)<\/p><\/td><td><p>La sf\u00e2r\u0219itul sesiunii de navigare<\/p><\/td><\/tr><tr><td><p>wordpress_test_cookie<br \/>(WordPress seteaz\u0103 acest modul cookie atunci c\u00e2nd v\u0103 conecta\u021bi de pe pagina de conectare. Cookie-ul este utilizat pentru a testa dac\u0103 browserul dvs. web este setat s\u0103 permit\u0103 sau s\u0103 resping\u0103 cookie-urile).<\/p><\/td><td><p>La sf\u00e2r\u0219itul sesiunii de navigare<\/p><\/td><\/tr><tr><td><p>wordpress_xxxxx<br \/>(WordPress utilizeaz\u0103 aceste module cookie pentru a stoca detaliile de autentificare)<\/p><\/td><td><p>La sf\u00e2r\u0219itul sesiunii de navigare<\/p><\/td><\/tr><tr><td><p>wp-settings-1<br \/>(WordPress utilizeaz\u0103 acest cookie pentru a personaliza afi\u0219area interfe\u021bei de administrare \u0219i, eventual, a interfe\u021bei principale a site-ului).<\/p><\/td><td><p>1 an<\/p><\/td><\/tr><tr><td><p>wp-settings-time-1<br \/>(WordPress utilizeaz\u0103 acest cookie pentru a personaliza afi\u0219area interfe\u021bei de administrare \u0219i, eventual, a interfe\u021bei principale a site-ului).<\/p><\/td><td><p>1 an<\/p><\/td><\/tr><tr><td><p>w3tc_referrer (pentru func\u021bionarea corect\u0103 a platformei)<\/p><\/td><td><p>Se termin\u0103 atunci c\u00e2nd browserul este \u00eenchis<\/p><\/td><\/tr><tr><td><p>bp-activitate-pagina veche<\/p><\/td><td><p>La sf\u00e2r\u0219itul sesiunii de navigare<\/p><\/td><\/tr><tr><td><p>woocommerce_recently_viewed(Utilizat pentru a crea o statistic\u0103 a obiectelor de comer\u021b electronic vizitate recent)<\/p><\/td><td><p>La sf\u00e2r\u0219itul sesiunii de navigare<\/p><\/td><\/tr><tr><td><p>woocommerce_items_in_cart<br \/>(con\u021bine un cod unic pentru fiecare utilizator, astfel \u00eenc\u00e2t este posibil s\u0103 se recupereze informa\u021biile despre co\u0219 dintr-o baz\u0103 de date creat\u0103 pentru fiecare utilizator. Nu sunt stocate informa\u021bii personale \u00een acest cookie)<\/p><\/td><td><p>La sf\u00e2r\u0219itul sesiunii de navigare<\/p><\/td><\/tr><tr><td><p>woocommerce_cart_hash (con\u021bine un cod unic pentru fiecare utilizator, astfel \u00eenc\u00e2t s\u0103 fie posibil\u0103 recuperarea informa\u021biilor din co\u0219 dintr-o baz\u0103 de date creat\u0103 pentru fiecare utilizator. Nu sunt stocate informa\u021bii personale \u00een acest cookie)<\/p><\/td><td><p>La sf\u00e2r\u0219itul sesiunii de navigare<\/p><\/td><\/tr><tr><td><p>wp_woocommerce_session(con\u021bine informa\u021bii despre \u00eentregul co\u0219 \u0219i ajut\u0103 sistemul de comer\u021b electronic s\u0103 \u0219tie c\u00e2nd se modific\u0103 informa\u021biile din co\u0219. Nici o informa\u021bie personal\u0103 nu este stocat\u0103 \u00een acest cookie)<\/p><\/td><td><p>O zi<\/p><\/td><\/tr><tr><td><p>cookie_notice_accepted (previne reapari\u021bia informa\u021biilor scurte con\u021binute \u00een banner \u00een cazul conexiunilor efectuate \u00een termenul limit\u0103)<\/p><\/td><td><p>2 ani<\/p><\/td><\/tr><tr><td><p>cookieaccepted (previne reapari\u021bia informa\u021biilor scurte con\u021binute \u00een banner \u00een cazul conexiunilor efectuate \u00een termenul limit\u0103)<\/p><\/td><td><p>2 ani<\/p><\/td><\/tr><\/tbody><\/table><p>Module cookie ale ter\u021bilor<\/p><p>Unele module cookie non-tehnice de la ter\u021bi sunt instalate prin intermediul site-ului, care sunt activate f\u0103c\u00e2nd clic pe butonul \u201cOK\u201d din interiorul bannerului pe care utilizatorul \u00eel vede atunci c\u00e2nd acceseaz\u0103 site-ul sau continu\u00e2nd s\u0103 defileze.<\/p><p>Cookie-urile individuale ale ter\u021bilor sunt raportate \u00een detaliu, precum \u0219i link-urile prin care utilizatorul poate primi mai multe informa\u021bii \u0219i poate solicita dezactivarea cookie-urilor.<\/p><p><em>Google Analytics<\/em><\/p><p>Site-ul utilizeaz\u0103 Google Analytics \u00een scopuri de analiz\u0103.<\/p><p>Acesta este un serviciu de analiz\u0103 web furnizat de Google care utilizeaz\u0103 module cookie, care sunt stocate pe computerul utilizatorului pentru a permite analize statistice privind utilizarea site-ului web vizitat; De asemenea, trebuie remarcat faptul c\u0103, pe l\u00e2ng\u0103 modulele cookie, Google utilizeaz\u0103 \u0219i o etichet\u0103 pixel (\u00a0<a href=\"http:\/\/www.google.it\/intl\/it\/policies\/privacy\/key-terms\/\">http:\/\/www.google.it\/intl\/it\/policies\/privacy\/key-terms\/<\/a>\u00a0).<\/p><p>Datele generate de Google Analytics sunt stocate de Google a\u0219a cum se indic\u0103 \u00een informa\u021biile disponibile aici\u00a0\u00a0<a href=\"https:\/\/developers.google.com\/analytics\/devguides\/collection\/analyticsjs\/cookie-usage\">https:\/\/developers.google.com\/analytics\/devguides\/collection\/analyticsjs\/cookie-usage<\/a><\/p><p>Pentru a consulta politica de confiden\u021bialitate a companiei Google, v\u0103 rug\u0103m s\u0103 consulta\u021bi site-ul web\u00a0\u00a0<a href=\"http:\/\/www.google.com\/intl\/en\/analytics\/privacyoverview.html\">http:\/\/www.google.com\/intl\/en\/analytics\/privacyoverview.html<\/a><\/p><p>La urm\u0103torul link\u00a0\u00a0<a href=\"https:\/\/support.google.com\/analytics\/answer\/2763052?hl=it\">https:\/\/tools.google.com\/dlpage\/gaoptout?hl=it\u00a0<\/a>\u00a0exist\u0103 add-on-ul de browser pentru dezactivarea Google Analytics.<\/p><p><em>Servicii Google Remarketing<\/em><\/p><p>Site-ul utilizeaz\u0103 serviciile de remarketing oferite de Google Inc. care implic\u0103 instalarea de module cookie \u0219i pixeli utiliza\u021bi pentru a oferi reclame mai relevante pentru interesele utilizatorului. Aceste instrumente sunt utilizate de proprietarul site-ului pentru activit\u0103\u021bi de remarketing.<\/p><p>Pentru a consulta politica de confiden\u021bialitate a companiei Google \u0219i dezactivare, v\u0103 rug\u0103m s\u0103 consulta\u021bi urm\u0103toarele linkuri:\u00a0\u00a0<a href=\"http:\/\/www.google.com\/intl\/it_it\/policies\/technologies\/ads\/-\">http:\/\/www.google.com\/intl\/it_it\/policies\/technologies\/ads\/-\u00a0<\/a>\u00a0<a href=\"https:\/\/www.google.it\/ads\/preferences\">https:\/\/www.google.it\/ads\/ preferin\u021be<\/a>\u00a0\u00a0\u2013<\/p><p><em>Facebook remarketing<\/em><\/p><p>Site-ul utilizeaz\u0103 Facebook Remarketing pentru activit\u0103\u021bile de remarketing.<\/p><p>Acesta este un serviciu oferit de Facebook Inc. care implic\u0103 instalarea de module cookie \u0219i pixeli utiliza\u021bi pentru a oferi reclame mai relevante pentru interesele utilizatorului. Aceste instrumente sunt utilizate de proprietarul site-ului pentru activit\u0103\u021bi de remarketing.<\/p><p>Pentru mai multe informa\u021bii, inclusiv despre dezactivarea acestor module cookie, v\u0103 recomand\u0103m s\u0103 consulta\u021bi urm\u0103torul link\u00a0<a href=\"https:\/\/www.facebook.com\/help\/cookies\">\u00a0https:\/\/www.facebook.com\/help\/cookies<\/a><\/p><p>Instalarea de module cookie<\/p><p>Cu excep\u021bia cookie-urilor tehnice, instalarea altor cookie-uri \u0219i instrumente similare este l\u0103sat\u0103 la latitudinea utilizatorului care, dup\u0103 ce a citit informa\u021biile succinte con\u021binute \u00een bannerul corespunz\u0103tor, decide s\u0103 autorizeze instalarea acestora f\u0103c\u00e2nd clic pe butonul \u201cOK\u201d. \u201d sau prin continuarea derul\u0103rii.<\/p><p>Dezactivarea modulelor cookie<\/p><p>F\u0103r\u0103 a aduce atingere celor indicate mai sus cu privire la cookie-urile tehnice necesare pentru navigare, utilizatorul poate \u0219terge alte cookie-uri prin intermediul func\u021biilor indicate \u00een aceste informa\u021bii, \u00een partea \u00een care sunt enumerate cookie-urile utilizate sau direct prin intermediul browserului s\u0103u.<\/p><p>V\u0103 rug\u0103m s\u0103 re\u021bine\u021bi c\u0103 fiecare browser are proceduri diferite pentru gestionarea set\u0103rilor. Pute\u021bi ob\u021bine instruc\u021biuni specifice prin intermediul linkurilor de mai jos.<\/p><p><a href=\"http:\/\/windows.microsoft.com\/it-it\/windows7\/block-enable-or-allow-cookies\">Microsoft Windows Explorer<\/a><\/p><p><a href=\"https:\/\/support.google.com\/chrome\/bin\/answer.py?hl=it&amp;answer=95647&amp;p=cpn_cook\">Google Chrome<\/a><\/p><p><a href=\"http:\/\/support.mozilla.org\/it-IT\/kb\/Enabling\">Mozilla Firefox<\/a><\/p><p><a href=\"http:\/\/support.apple.com\/kb\/PH17191?viewlocale=it_IT&amp;locale=it_IT\">Apple Safari<\/a><\/p><p>\u00cen ceea ce prive\u0219te utilizatorii care navigheaz\u0103 de pe telefonul mobil, se specific\u0103 faptul c\u0103 configura\u021biile sistemului pentru a exclude stocarea de module cookie sau pentru a le \u0219terge variaz\u0103 \u00een func\u021bie de marca \u0219i\/sau modelul dispozitivului utilizat \u0219i, prin urmare, este necesar s\u0103 se consulte instruc\u021biunile furnizate de produc\u0103tor. .<\/p><p>Pentru a ob\u021bine informa\u021bii despre modulele cookie stocate pe terminalul dvs. \u0219i pentru a le dezactiva individual, v\u0103 rug\u0103m s\u0103 consulta\u021bi link-ul:\u00a0\u00a0<a href=\"http:\/\/www.youronlinechoices.com\/it\/le-tue-scelte\">http:\/\/www.youronlinechoices.com\/it\/le-tue-scelte<\/a>\u00a0.<\/p><p>Drepturile p\u0103r\u021bii interesate<\/p><p>Partea interesat\u0103 \u00ee\u0219i poate exercita drepturile men\u021bionate la art. \u00een orice moment, f\u0103r\u0103 formalit\u0103\u021bi, contact\u00e2nd operatorul de date, inclusiv prin trimiterea unui e-mail la adresa contact@curiosax.com. 7 din Decretul-lege 30 iunie 2003 nr. 196, care este redat textual mai jos.<\/p><p>Art. 7 Decretul legislativ 196\/2003<\/p><ol><li>Partea interesat\u0103 are dreptul de a ob\u021bine confirmarea existen\u021bei sau nu a datelor cu caracter personal care o privesc, chiar dac\u0103 nu au fost \u00eenc\u0103 \u00eenregistrate, \u0219i comunicarea acestora \u00eentr-o form\u0103 inteligibil\u0103.<\/li><li>Partea interesat\u0103 are dreptul de a ob\u021bine indica\u021bia:<\/li><li>(a) originea datelor cu caracter personal;<\/li><li>(b) scopurile \u0219i metodele de prelucrare;<\/li><li>(c) a logicii aplicate \u00een cazul prelucr\u0103rii efectuate cu ajutorul instrumentelor electronice;<\/li><li>(d) datele de identificare ale proprietarului, ale administratorilor \u0219i ale reprezentantului desemnat \u00een conformitate cu articolul 5 alineatul (2);<\/li><li>(e) subiec\u021bilor sau categoriilor de subiec\u021bi c\u0103rora datele cu caracter personal le pot fi comunicate sau care pot lua cuno\u0219tin\u021b\u0103 de acestea \u00een calitatea lor de reprezentan\u021bi desemna\u021bi pe teritoriul statului, manageri sau agen\u021bi.<\/li><li>Partea interesat\u0103 are dreptul de a ob\u021bine:<\/li><li>(a) actualizarea, rectificarea sau, dac\u0103 este cazul, integrarea datelor;<\/li><li>b) anularea, transformarea \u00een form\u0103 anonim\u0103 sau blocarea datelor prelucrate cu \u00eenc\u0103lcarea legii, inclusiv a celor a c\u0103ror p\u0103strare nu este necesar\u0103 \u00een raport cu scopurile pentru care datele au fost colectate sau prelucrate ulterior;<\/li><li>(c) certificarea faptului c\u0103 opera\u021biunile men\u021bionate la literele (a) \u0219i (b) au fost aduse la cuno\u0219tin\u021ba, inclusiv \u00een ceea ce prive\u0219te con\u021binutul lor, a celor c\u0103rora le-au fost comunicate sau difuzate datele, cu excep\u021bia cazului \u00een care aceast\u0103 cerin\u021b\u0103 se dovede\u0219te imposibil\u0103 sau implic\u0103 utilizarea unor mijloace v\u0103dit dispropor\u021bionate \u00een raport cu dreptul protejat.<\/li><li>Partea interesat\u0103 are dreptul de a se opune, \u00een totalitate sau \u00een parte:<\/li><li>a) din motive legitime, la prelucrarea datelor cu caracter personal care \u00eel privesc, chiar dac\u0103 acestea sunt relevante pentru scopul colect\u0103rii;<\/li><li>b) la prelucrarea datelor cu caracter personal care \u00eel privesc \u00een scopul trimiterii de materiale publicitare sau de v\u00e2nzare direct\u0103 sau pentru efectuarea de studii de pia\u021b\u0103 sau de comunicare comercial\u0103.<\/li><\/ol><p>Informa\u021bii suplimentare privind prelucrarea datelor cu caracter personal sunt disponibile pe pagina politicii de confiden\u021bialitate.<\/p><\/div><p>\u00a0<\/p><p>CHILIS LAB SL - Calle de Parcerisa, 13, 08014 Barcelona Spania<\/p><\/div><\/div><\/div><\/div><\/section>\t\t\t\t\t\t\t\t<\/div>\n\t\t\t\t\t<\/div>\n\t\t\t\t<\/div>\n\t\t<div class=\"elementor-element elementor-element-3ecdf34 e-con-full e-flex e-con e-parent\" data-id=\"3ecdf34\" data-element_type=\"container\" data-e-type=\"container\" data-settings=\"{&quot;background_background&quot;:&quot;classic&quot;}\">\n\t\t<div class=\"elementor-element elementor-element-53018e1 e-con-full e-flex e-con e-child\" data-id=\"53018e1\" data-element_type=\"container\" data-e-type=\"container\" data-settings=\"{&quot;background_background&quot;:&quot;classic&quot;}\">\n\t\t<div class=\"elementor-element elementor-element-a6da15d e-con-full e-flex e-con e-child\" data-id=\"a6da15d\" data-element_type=\"container\" data-e-type=\"container\" data-settings=\"{&quot;background_background&quot;:&quot;classic&quot;}\">\n\t\t<div class=\"elementor-element elementor-element-6a43446 e-flex e-con-boxed e-con e-child\" data-id=\"6a43446\" data-element_type=\"container\" data-e-type=\"container\">\n\t\t\t\t\t<div class=\"e-con-inner\">\n\t\t<div class=\"elementor-element elementor-element-3550a72 e-flex e-con-boxed e-con e-child\" data-id=\"3550a72\" data-element_type=\"container\" data-e-type=\"container\">\n\t\t\t\t\t<div class=\"e-con-inner\">\n\t\t\t\t<div class=\"elementor-element elementor-element-8cd9278 elementor-widget elementor-widget-image\" data-id=\"8cd9278\" data-element_type=\"widget\" data-e-type=\"widget\" data-widget_type=\"image.default\">\n\t\t\t\t\t\t\t\t\t\t\t\t\t\t\t<img fetchpriority=\"high\" decoding=\"async\" width=\"700\" height=\"150\" src=\"https:\/\/curiosax.com\/wp-content\/uploads\/2026\/01\/Loghi-Siti.png\" class=\"attachment-full size-full wp-image-150\" alt=\"\" srcset=\"https:\/\/curiosax.com\/wp-content\/uploads\/2026\/01\/Loghi-Siti.png 700w, https:\/\/curiosax.com\/wp-content\/uploads\/2026\/01\/Loghi-Siti-300x64.png 300w, https:\/\/curiosax.com\/wp-content\/uploads\/2026\/01\/Loghi-Siti-18x4.png 18w\" sizes=\"(max-width: 700px) 100vw, 700px\" \/>\t\t\t\t\t\t\t\t\t\t\t\t\t\t\t<\/div>\n\t\t\t\t<div class=\"elementor-element elementor-element-c3e986d elementor-widget elementor-widget-heading\" data-id=\"c3e986d\" data-element_type=\"widget\" data-e-type=\"widget\" data-widget_type=\"heading.default\">\n\t\t\t\t\t<h2 class=\"elementor-heading-title elementor-size-default\">Oferim o platform\u0103 de comer\u021b electronic fiabil\u0103 \u0219i convenabil\u0103, pun\u00e2nd oamenii \u00een contact cu produse care le \u00eembun\u0103t\u0103\u021besc via\u021ba de zi cu zi.<\/h2>\t\t\t\t<\/div>\n\t\t\t\t<div class=\"elementor-element elementor-element-3501d01 elementor-icon-list--layout-traditional elementor-list-item-link-full_width elementor-widget elementor-widget-icon-list\" data-id=\"3501d01\" data-element_type=\"widget\" data-e-type=\"widget\" data-widget_type=\"icon-list.default\">\n\t\t\t\t\t\t\t<ul class=\"elementor-icon-list-items\">\n\t\t\t\t\t\t\t<li class=\"elementor-icon-list-item\">\n\t\t\t\t\t\t\t\t\t\t\t<span class=\"elementor-icon-list-icon\">\n\t\t\t\t\t\t\t<svg aria-hidden=\"true\" class=\"e-font-icon-svg e-fas-envelope\" viewbox=\"0 0 512 512\" xmlns=\"http:\/\/www.w3.org\/2000\/svg\"><path d=\"M502.3 190.8c3.9-3.1 9.7-.2 9.7 4.7V400c0 26.5-21.5 48-48 48H48c-26.5 0-48-21.5-48-48V195.6c0-5 5.7-7.8 9.7-4.7 22.4 17.4 52.1 39.5 154.1 113.6 21.1 15.4 56.7 47.8 92.2 47.6 35.7.3 72-32.8 92.3-47.6 102-74.1 131.6-96.3 154-113.7zM256 320c23.2.4 56.6-29.2 73.4-41.4 132.7-96.3 142.8-104.7 173.4-128.7 5.8-4.5 9.2-11.5 9.2-18.9v-19c0-26.5-21.5-48-48-48H48C21.5 64 0 85.5 0 112v19c0 7.4 3.4 14.3 9.2 18.9 30.6 23.9 40.7 32.4 173.4 128.7 16.8 12.2 50.2 41.8 73.4 41.4z\"><\/path><\/svg>\t\t\t\t\t\t<\/span>\n\t\t\t\t\t\t\t\t\t\t<span class=\"elementor-icon-list-text\">info@curiosax.com<\/span>\n\t\t\t\t\t\t\t\t\t<\/li>\n\t\t\t\t\t\t<\/ul>\n\t\t\t\t\t\t<\/div>\n\t\t\t\t<div class=\"elementor-element elementor-element-7731be5 elementor-widget elementor-widget-heading\" data-id=\"7731be5\" data-element_type=\"widget\" data-e-type=\"widget\" data-widget_type=\"heading.default\">\n\t\t\t\t\t<h2 class=\"elementor-heading-title elementor-size-default\">\u00a9 2025 curiosax.com - Toate drepturile rezervate. <br> CHILIS LAB SL - Calle de Parcerisa, 13, 08014 Barcelona Spania <br><\/h2>\t\t\t\t<\/div>\n\t\t\t\t\t<\/div>\n\t\t\t\t<\/div>\n\t\t<div class=\"elementor-element elementor-element-7f0ab24 e-flex e-con-boxed e-con e-child\" data-id=\"7f0ab24\" data-element_type=\"container\" data-e-type=\"container\">\n\t\t\t\t\t<div class=\"e-con-inner\">\n\t\t\t\t<div class=\"elementor-element elementor-element-f739c81 elementor-widget elementor-widget-heading\" data-id=\"f739c81\" data-element_type=\"widget\" data-e-type=\"widget\" data-widget_type=\"heading.default\">\n\t\t\t\t\t<h2 class=\"elementor-heading-title elementor-size-default\">LINK-URI UTILE<\/h2>\t\t\t\t<\/div>\n\t\t\t\t<div class=\"elementor-element elementor-element-9161fc3 elementor-icon-list--layout-traditional elementor-list-item-link-full_width elementor-widget elementor-widget-icon-list\" data-id=\"9161fc3\" data-element_type=\"widget\" data-e-type=\"widget\" data-widget_type=\"icon-list.default\">\n\t\t\t\t\t\t\t<ul class=\"elementor-icon-list-items\">\n\t\t\t\t\t\t\t<li class=\"elementor-icon-list-item\">\n\t\t\t\t\t\t\t\t\t\t\t<a href=\"https:\/\/curiosax.com\/ro\/privacy-policy\/\" target=\"_blank\">\n\n\t\t\t\t\t\t\t\t\t\t\t<span class=\"elementor-icon-list-text\">Politica de confiden\u021bialitate<\/span>\n\t\t\t\t\t\t\t\t\t\t\t<\/a>\n\t\t\t\t\t\t\t\t\t<\/li>\n\t\t\t\t\t\t\t\t<li class=\"elementor-icon-list-item\">\n\t\t\t\t\t\t\t\t\t\t\t<a href=\"https:\/\/curiosax.com\/ro\/terms-and-conditions\/\" target=\"_blank\">\n\n\t\t\t\t\t\t\t\t\t\t\t<span class=\"elementor-icon-list-text\">Termeni \u0219i condi\u021bii<\/span>\n\t\t\t\t\t\t\t\t\t\t\t<\/a>\n\t\t\t\t\t\t\t\t\t<\/li>\n\t\t\t\t\t\t\t\t<li class=\"elementor-icon-list-item\">\n\t\t\t\t\t\t\t\t\t\t\t<a href=\"https:\/\/curiosax.com\/ro\/cookie-policy\/\" target=\"_blank\">\n\n\t\t\t\t\t\t\t\t\t\t\t<span class=\"elementor-icon-list-text\">Politica privind cookie-urile<\/span>\n\t\t\t\t\t\t\t\t\t\t\t<\/a>\n\t\t\t\t\t\t\t\t\t<\/li>\n\t\t\t\t\t\t<\/ul>\n\t\t\t\t\t\t<\/div>\n\t\t\t\t\t<\/div>\n\t\t\t\t<\/div>\n\t\t<div class=\"elementor-element elementor-element-68a5c6a e-flex e-con-boxed e-con e-child\" data-id=\"68a5c6a\" data-element_type=\"container\" data-e-type=\"container\">\n\t\t\t\t\t<div class=\"e-con-inner\">\n\t\t\t\t<div class=\"elementor-element elementor-element-94c1fa8 elementor-widget elementor-widget-heading\" data-id=\"94c1fa8\" data-element_type=\"widget\" data-e-type=\"widget\" data-widget_type=\"heading.default\">\n\t\t\t\t\t<h2 class=\"elementor-heading-title elementor-size-default\">LIVRARE<\/h2>\t\t\t\t<\/div>\n\t\t\t\t<div class=\"elementor-element elementor-element-b107f90 elementor-icon-list--layout-traditional elementor-list-item-link-full_width elementor-widget elementor-widget-icon-list\" data-id=\"b107f90\" data-element_type=\"widget\" data-e-type=\"widget\" data-widget_type=\"icon-list.default\">\n\t\t\t\t\t\t\t<ul class=\"elementor-icon-list-items\">\n\t\t\t\t\t\t\t<li class=\"elementor-icon-list-item\">\n\t\t\t\t\t\t\t\t\t\t\t<a href=\"https:\/\/curiosax.com\/ro\/shipping-policy\/\" target=\"_blank\">\n\n\t\t\t\t\t\t\t\t\t\t\t<span class=\"elementor-icon-list-text\">Politica de expediere<\/span>\n\t\t\t\t\t\t\t\t\t\t\t<\/a>\n\t\t\t\t\t\t\t\t\t<\/li>\n\t\t\t\t\t\t\t\t<li class=\"elementor-icon-list-item\">\n\t\t\t\t\t\t\t\t\t\t\t<a href=\"https:\/\/curiosax.com\/ro\/refund-policy\/\" target=\"_blank\">\n\n\t\t\t\t\t\t\t\t\t\t\t<span class=\"elementor-icon-list-text\">Politici de rambursare<\/span>\n\t\t\t\t\t\t\t\t\t\t\t<\/a>\n\t\t\t\t\t\t\t\t\t<\/li>\n\t\t\t\t\t\t<\/ul>\n\t\t\t\t\t\t<\/div>\n\t\t\t\t\t<\/div>\n\t\t\t\t<\/div>\n\t\t\t\t\t<\/div>\n\t\t\t\t<\/div>\n\t\t\t\t<\/div>\n\t\t\t\t<\/div>\n\t\t\t\t<\/div>\n\t\t\t\t<\/div>","protected":false},"excerpt":{"rendered":"<p>Cookie Policy Browsing the curiosax.com website (hereinafter also referred to as the &#8220;website&#8221;) involves the sending of cookies and similar tools to the user&#8217;s terminal. Therefore, as prescribed by the articles. 13 and 122 of Legislative Decree 196\/2003 (&#8220;privacy code&#8221;), as well as in accordance with the provisions of the General Provision of the Privacy [&hellip;]<\/p>","protected":false},"author":2,"featured_media":0,"parent":0,"menu_order":0,"comment_status":"closed","ping_status":"closed","template":"elementor_canvas","meta":{"footnotes":""},"class_list":["post-89","page","type-page","status-publish","hentry"],"_hostinger_reach_plugin_has_subscription_block":false,"_hostinger_reach_plugin_is_elementor":false,"_links":{"self":[{"href":"https:\/\/curiosax.com\/ro\/wp-json\/wp\/v2\/pages\/89","targetHints":{"allow":["GET"]}}],"collection":[{"href":"https:\/\/curiosax.com\/ro\/wp-json\/wp\/v2\/pages"}],"about":[{"href":"https:\/\/curiosax.com\/ro\/wp-json\/wp\/v2\/types\/page"}],"author":[{"embeddable":true,"href":"https:\/\/curiosax.com\/ro\/wp-json\/wp\/v2\/users\/2"}],"replies":[{"embeddable":true,"href":"https:\/\/curiosax.com\/ro\/wp-json\/wp\/v2\/comments?post=89"}],"version-history":[{"count":7,"href":"https:\/\/curiosax.com\/ro\/wp-json\/wp\/v2\/pages\/89\/revisions"}],"predecessor-version":[{"id":186,"href":"https:\/\/curiosax.com\/ro\/wp-json\/wp\/v2\/pages\/89\/revisions\/186"}],"wp:attachment":[{"href":"https:\/\/curiosax.com\/ro\/wp-json\/wp\/v2\/media?parent=89"}],"curies":[{"name":"wp","href":"https:\/\/api.w.org\/{rel}","templated":true}]}}