{"id":89,"date":"2026-01-14T09:04:14","date_gmt":"2026-01-14T09:04:14","guid":{"rendered":"https:\/\/curiosax.com\/cookie-policy\/"},"modified":"2026-01-22T17:29:40","modified_gmt":"2026-01-22T17:29:40","slug":"cookie-policy","status":"publish","type":"page","link":"https:\/\/curiosax.com\/pt\/cookie-policy\/","title":{"rendered":"Pol\u00edtica de cookies"},"content":{"rendered":"<div data-elementor-type=\"wp-page\" data-elementor-id=\"89\" class=\"elementor elementor-89\" data-elementor-post-type=\"page\">\n\t\t\t\t<div class=\"elementor-element elementor-element-450cae26 e-flex e-con-boxed e-con e-parent\" data-id=\"450cae26\" data-element_type=\"container\" data-e-type=\"container\" data-settings=\"{&quot;background_background&quot;:&quot;classic&quot;}\">\n\t\t\t\t\t<div class=\"e-con-inner\">\n\t\t\t\t<div class=\"elementor-element elementor-element-33ba68d7 elementor-widget elementor-widget-heading\" data-id=\"33ba68d7\" data-element_type=\"widget\" data-e-type=\"widget\" data-widget_type=\"heading.default\">\n\t\t\t\t\t<h2 class=\"elementor-heading-title elementor-size-default\">Pol\u00edtica de cookies<\/h2>\t\t\t\t<\/div>\n\t\t\t\t\t<\/div>\n\t\t\t\t<\/div>\n\t\t<div class=\"elementor-element elementor-element-4f2754ab e-flex e-con-boxed e-con e-parent\" data-id=\"4f2754ab\" data-element_type=\"container\" data-e-type=\"container\">\n\t\t\t\t\t<div class=\"e-con-inner\">\n\t\t\t\t<div class=\"elementor-element elementor-element-1aea267e elementor-widget elementor-widget-text-editor\" data-id=\"1aea267e\" data-element_type=\"widget\" data-e-type=\"widget\" data-widget_type=\"text-editor.default\">\n\t\t\t\t\t\t\t\t\t<p><strong>A navega\u00e7\u00e3o no s\u00edtio Web curiosax.com (a seguir tamb\u00e9m designado por \u201cs\u00edtio Web\u201d) implica o envio de cookies e de ferramentas semelhantes para o terminal do utilizador.<\/strong><\/p><section data-particle_enable=\"false\" data-particle-mobile-disabled=\"false\" data-id=\"29efe3bb\" data-element_type=\"section\"><div><div data-id=\"7b6096bb\" data-element_type=\"column\"><div><div data-id=\"4f8dbe0d\" data-element_type=\"widget\" data-widget_type=\"text-editor.default\"><div><p>Portanto, conforme prescrito pelos artigos. 13 e 122 do Decreto Legislativo 196\/2003 (\u201cc\u00f3digo de privacidade\u201d), bem como de acordo com as disposi\u00e7\u00f5es da Disposi\u00e7\u00e3o Geral do Garantidor de Privacidade de 8 de maio de 2014, curiosax.com, controlador de dados, (indicado como \u201cControlador de Dados\u201d ou \u201ccuriosax\u201d), fornece aos utilizadores informa\u00e7\u00f5es relativas aos cookies ou sistemas semelhantes utilizados ou cuja instala\u00e7\u00e3o \u00e9 permitida.<\/p><p>O que s\u00e3o cookies<\/p><p>Os cookies s\u00e3o pequenas cadeias de texto que os s\u00edtios visitados pelo utilizador enviam para o seu terminal (normalmente para o navegador), onde s\u00e3o armazenados antes de serem retransmitidos para os mesmos s\u00edtios na visita seguinte do mesmo utilizador.<\/p><p>Dividem-se em cookies t\u00e9cnicos (utilizados com o \u00fanico objetivo de transmitir uma comunica\u00e7\u00e3o atrav\u00e9s de uma rede de comunica\u00e7\u00f5es electr\u00f3nicas ou na medida do estritamente necess\u00e1rio para a presta\u00e7\u00e3o de um servi\u00e7o da sociedade da informa\u00e7\u00e3o explicitamente solicitado) ou cookies de cria\u00e7\u00e3o de perfis (destinados a criar perfis relativos ao utilizador e utilizados para o envio de mensagens publicit\u00e1rias em fun\u00e7\u00e3o das prefer\u00eancias expressas pelo utilizador durante a navega\u00e7\u00e3o).<\/p><p>Durante a navega\u00e7\u00e3o, o utilizador pode igualmente receber no seu terminal cookies enviados por diferentes s\u00edtios ou servidores Web (os chamados cookies de \u201cterceiros\u201d), instalados diretamente pelos gestores dos referidos s\u00edtios Web e utilizados para os fins e segundo os m\u00e9todos por eles definidos.<\/p><p>Quais s\u00e3o as ferramentas semelhantes \u00e0s quais se aplicam as mesmas regras que aos cookies<\/p><p>O regulamento relativo \u00e0 utiliza\u00e7\u00e3o de cookies diz igualmente respeito a outras ferramentas semelhantes.<\/p><p>Trata-se de ferramentas (como p\u00edxeis, web beacons, web bugs, clear GIFs ou outros) que permitem a identifica\u00e7\u00e3o do utilizador ou do terminal e que, por conseguinte, foram inclu\u00eddas no \u00e2mbito da disposi\u00e7\u00e3o do Garante da Privacidade de 8 de maio de 2014.<\/p><p>Tipos de cookies utilizados por este s\u00edtio<\/p><p>O s\u00edtio utiliza cookies t\u00e9cnicos, bem como cookies anal\u00edticos de terceiros e cookies de defini\u00e7\u00e3o de perfis de terceiros e ferramentas semelhantes.<\/p><p>Cookies t\u00e9cnicos<\/p><p>O s\u00edtio utiliza cookies t\u00e9cnicos, em rela\u00e7\u00e3o aos quais, nos termos do art. 122 do c\u00f3digo da privacidade e da disposi\u00e7\u00e3o do garante de 8 de maio de 2014, n\u00e3o \u00e9 necess\u00e1rio o consentimento da parte interessada.<\/p><p>Mais precisamente, o s\u00edtio utiliza os seguintes cookies t\u00e9cnicos:<\/p><table><tbody><tr><td><p>NOME DO COOKIE<\/p><\/td><td><p>EXPIRA\u00c7\u00c3O<\/p><\/td><\/tr><tr><td><p>PHPSESSID<\/p><\/td><td><p>No final da sess\u00e3o de navega\u00e7\u00e3o<\/p><\/td><\/tr><tr><td><p>Icl_current_language(para guardar a l\u00edngua selecionada)<\/p><\/td><td><p>No final da sess\u00e3o de navega\u00e7\u00e3o<\/p><\/td><\/tr><tr><td><p>wordpress_logged_in_(para guardar as credenciais de acesso \u00e0 \u00e1rea reservada)<\/p><\/td><td><p>No final da sess\u00e3o de navega\u00e7\u00e3o<\/p><\/td><\/tr><tr><td><p>wordpress_test_cookie<br \/>(O WordPress define este cookie quando o utilizador inicia sess\u00e3o a partir da p\u00e1gina de in\u00edcio de sess\u00e3o. O cookie \u00e9 utilizado para testar se o seu browser est\u00e1 configurado para permitir ou rejeitar cookies).<\/p><\/td><td><p>No final da sess\u00e3o de navega\u00e7\u00e3o<\/p><\/td><\/tr><tr><td><p>wordpress_xxxxx<br \/>(O WordPress utiliza estes cookies para armazenar detalhes de autentica\u00e7\u00e3o)<\/p><\/td><td><p>No final da sess\u00e3o de navega\u00e7\u00e3o<\/p><\/td><\/tr><tr><td><p>wp-settings-1<br \/>(O WordPress utiliza este cookie para personalizar a apresenta\u00e7\u00e3o da interface de administra\u00e7\u00e3o e, eventualmente, tamb\u00e9m a interface principal do s\u00edtio).<\/p><\/td><td><p>1 ano<\/p><\/td><\/tr><tr><td><p>wp-settings-time-1<br \/>(O WordPress utiliza este cookie para personalizar a apresenta\u00e7\u00e3o da interface de administra\u00e7\u00e3o e, eventualmente, tamb\u00e9m a interface principal do s\u00edtio).<\/p><\/td><td><p>1 ano<\/p><\/td><\/tr><tr><td><p>w3tc_referrer (para o correto funcionamento da plataforma)<\/p><\/td><td><p>Termina quando o browser \u00e9 fechado<\/p><\/td><\/tr><tr><td><p>bp-activity-oldestpage<\/p><\/td><td><p>No final da sess\u00e3o de navega\u00e7\u00e3o<\/p><\/td><\/tr><tr><td><p>woocommerce_recently_viewed(Utilizado para criar uma estat\u00edstica dos objectos de com\u00e9rcio eletr\u00f3nico visitados recentemente)<\/p><\/td><td><p>No final da sess\u00e3o de navega\u00e7\u00e3o<\/p><\/td><\/tr><tr><td><p>woocommerce_items_in_cart<br \/>(cont\u00e9m um c\u00f3digo \u00fanico para cada utilizador, para que seja poss\u00edvel recuperar as informa\u00e7\u00f5es do carrinho de compras a partir de uma base de dados criada para cada utilizador. N\u00e3o s\u00e3o armazenadas informa\u00e7\u00f5es pessoais neste cookie)<\/p><\/td><td><p>No final da sess\u00e3o de navega\u00e7\u00e3o<\/p><\/td><\/tr><tr><td><p>woocommerce_cart_hash (cont\u00e9m um c\u00f3digo \u00fanico para cada utilizador, para que seja poss\u00edvel recuperar as informa\u00e7\u00f5es do carrinho a partir de uma base de dados criada para cada utilizador. N\u00e3o s\u00e3o armazenadas informa\u00e7\u00f5es pessoais neste cookie)<\/p><\/td><td><p>No final da sess\u00e3o de navega\u00e7\u00e3o<\/p><\/td><\/tr><tr><td><p>wp_woocommerce_session (cont\u00e9m informa\u00e7\u00f5es sobre todo o carrinho e ajuda o sistema de com\u00e9rcio eletr\u00f3nico a saber quando as informa\u00e7\u00f5es no carrinho s\u00e3o alteradas. N\u00e3o s\u00e3o armazenadas informa\u00e7\u00f5es pessoais neste cookie)<\/p><\/td><td><p>Um dia<\/p><\/td><\/tr><tr><td><p>cookie_notice_accepted (evita que a breve informa\u00e7\u00e3o contida na faixa volte a aparecer no caso de liga\u00e7\u00f5es efectuadas dentro do prazo)<\/p><\/td><td><p>2 anos<\/p><\/td><\/tr><tr><td><p>cookieaccepted (impede que as informa\u00e7\u00f5es breves contidas na faixa voltem a aparecer no caso de liga\u00e7\u00f5es efectuadas dentro do prazo)<\/p><\/td><td><p>2 anos<\/p><\/td><\/tr><\/tbody><\/table><p>Cookies de terceiros<\/p><p>Atrav\u00e9s do s\u00edtio, s\u00e3o instalados alguns cookies n\u00e3o t\u00e9cnicos de terceiros, que s\u00e3o activados ao clicar no bot\u00e3o \u201cOK\u201d dentro do banner que o utilizador v\u00ea ao aceder ao s\u00edtio ou ao continuar a navegar.<\/p><p>Os cookies individuais de terceiros s\u00e3o indicados em pormenor, bem como as liga\u00e7\u00f5es atrav\u00e9s das quais o utilizador pode receber mais informa\u00e7\u00f5es e solicitar a desativa\u00e7\u00e3o dos cookies.<\/p><p><em>Google Analytics<\/em><\/p><p>O s\u00edtio utiliza o Google Analytics para fins de an\u00e1lise.<\/p><p>Trata-se de um servi\u00e7o de an\u00e1lise da Web fornecido pela Google que utiliza cookies, que s\u00e3o armazenados no computador do utilizador para permitir uma an\u00e1lise estat\u00edstica relativa \u00e0 utiliza\u00e7\u00e3o do s\u00edtio Web visitado; \u00e9 tamb\u00e9m de referir que, para al\u00e9m dos cookies, a Google utiliza tamb\u00e9m um pixel tag (\u00a0<a href=\"http:\/\/www.google.it\/intl\/it\/policies\/privacy\/key-terms\/\">http:\/\/www.google.it\/intl\/it\/policies\/privacy\/key-terms\/<\/a>\u00a0).<\/p><p>Os dados gerados pelo Google Analytics s\u00e3o armazenados pela Google conforme indicado nas informa\u00e7\u00f5es dispon\u00edveis aqui\u00a0\u00a0<a href=\"https:\/\/developers.google.com\/analytics\/devguides\/collection\/analyticsjs\/cookie-usage\">https:\/\/developers.google.com\/analytics\/devguides\/collection\/analyticsjs\/cookie-usage<\/a><\/p><p>Para consultar a pol\u00edtica de privacidade da empresa Google, consulte o s\u00edtio Web\u00a0\u00a0<a href=\"http:\/\/www.google.com\/intl\/en\/analytics\/privacyoverview.html\">http:\/\/www.google.com\/intl\/en\/analytics\/privacyoverview.html<\/a><\/p><p>Na seguinte liga\u00e7\u00e3o\u00a0\u00a0<a href=\"https:\/\/support.google.com\/analytics\/answer\/2763052?hl=it\">https:\/\/tools.google.com\/dlpage\/gaoptout?hl=it\u00a0<\/a>\u00a0existe o complemento do navegador para desativar o Google Analytics.<\/p><p><em>Servi\u00e7os de remarketing do Google<\/em><\/p><p>O S\u00edtio utiliza servi\u00e7os de remarketing oferecidos pela Google Inc. que implicam a instala\u00e7\u00e3o de cookies e pixels utilizados para oferecer an\u00fancios mais relevantes para os interesses do utilizador. Estas ferramentas s\u00e3o utilizadas pelo propriet\u00e1rio do s\u00edtio para actividades de remarketing.<\/p><p>Para consultar a pol\u00edtica de privacidade da empresa Google e a desativa\u00e7\u00e3o, consulte as seguintes liga\u00e7\u00f5es:\u00a0\u00a0<a href=\"http:\/\/www.google.com\/intl\/it_it\/policies\/technologies\/ads\/-\">http:\/\/www.google.com\/intl\/it_it\/policies\/technologies\/ads\/-\u00a0<\/a>\u00a0<a href=\"https:\/\/www.google.it\/ads\/preferences\">https:\/\/www.google.it\/ads\/ prefer\u00eancias<\/a>\u00a0\u00a0\u2013<\/p><p><em>Remarketing no Facebook<\/em><\/p><p>O s\u00edtio utiliza o Facebook Remarketing para actividades de remarketing.<\/p><p>Este \u00e9 um servi\u00e7o oferecido pelo Facebook Inc., que envolve a instala\u00e7\u00e3o de cookies e pixels utilizados para oferecer an\u00fancios mais relevantes para os interesses do utilizador. Estas ferramentas s\u00e3o utilizadas pelo propriet\u00e1rio do s\u00edtio para actividades de remarketing.<\/p><p>Para mais informa\u00e7\u00f5es, incluindo sobre a desativa\u00e7\u00e3o destes cookies, recomendamos a consulta da seguinte liga\u00e7\u00e3o\u00a0<a href=\"https:\/\/www.facebook.com\/help\/cookies\">\u00a0https:\/\/www.facebook.com\/help\/cookies<\/a><\/p><p>Instala\u00e7\u00e3o de cookies<\/p><p>Com exce\u00e7\u00e3o dos cookies t\u00e9cnicos, a instala\u00e7\u00e3o de outros cookies e ferramentas semelhantes \u00e9 deixada \u00e0 vontade do utilizador que, depois de ter lido a breve informa\u00e7\u00e3o contida no banner apropriado, decide autorizar a sua instala\u00e7\u00e3o clicando no bot\u00e3o \u201cOK\u201d. \u201d ou continuando a desloca\u00e7\u00e3o.<\/p><p>Desativar os cookies<\/p><p>Sem preju\u00edzo do indicado acima relativamente aos cookies t\u00e9cnicos necess\u00e1rios para a navega\u00e7\u00e3o, o utilizador pode eliminar outros cookies atrav\u00e9s das fun\u00e7\u00f5es indicadas nesta informa\u00e7\u00e3o, na parte em que os cookies utilizados est\u00e3o listados ou diretamente atrav\u00e9s do seu browser.<\/p><p>Tenha em aten\u00e7\u00e3o que cada browser tem procedimentos diferentes para gerir as defini\u00e7\u00f5es. Pode obter instru\u00e7\u00f5es espec\u00edficas atrav\u00e9s das liga\u00e7\u00f5es abaixo.<\/p><p><a href=\"http:\/\/windows.microsoft.com\/it-it\/windows7\/block-enable-or-allow-cookies\">Microsoft Windows Explorer<\/a><\/p><p><a href=\"https:\/\/support.google.com\/chrome\/bin\/answer.py?hl=it&amp;answer=95647&amp;p=cpn_cook\">Google Chrome<\/a><\/p><p><a href=\"http:\/\/support.mozilla.org\/it-IT\/kb\/Enabling\">Mozilla Firefox<\/a><\/p><p><a href=\"http:\/\/support.apple.com\/kb\/PH17191?viewlocale=it_IT&amp;locale=it_IT\">Apple Safari<\/a><\/p><p>No que respeita aos utilizadores que navegam a partir de um telem\u00f3vel, especifica-se que as configura\u00e7\u00f5es do sistema para excluir o armazenamento de cookies ou para os apagar variam em fun\u00e7\u00e3o da marca e\/ou do modelo do dispositivo utilizado, pelo que \u00e9 necess\u00e1rio consultar as instru\u00e7\u00f5es fornecidas pelo fabricante .<\/p><p>Para obter informa\u00e7\u00f5es sobre os cookies armazenados no seu terminal e desactiv\u00e1-los individualmente, consulte a liga\u00e7\u00e3o:\u00a0\u00a0<a href=\"http:\/\/www.youronlinechoices.com\/it\/le-tue-scelte\">http:\/\/www.youronlinechoices.com\/it\/le-tue-scelte<\/a>\u00a0.<\/p><p>Direitos da parte interessada<\/p><p>O interessado pode fazer valer os direitos referidos no art. a qualquer momento, sem formalidades, contactando o respons\u00e1vel pelo tratamento, inclusive enviando um e-mail para contact@curiosax.com. 7 do Decreto Legislativo 30 de junho de 2003 n. 196, que \u00e9 relatado textualmente abaixo.<\/p><p>Art. 7 Decreto Legislativo 196\/2003<\/p><ol><li>O interessado tem o direito de obter a confirma\u00e7\u00e3o da exist\u00eancia ou n\u00e3o de dados pessoais que lhe digam respeito, mesmo que ainda n\u00e3o registados, e a sua comunica\u00e7\u00e3o de forma intelig\u00edvel.<\/li><li>O interessado tem o direito de obter a indica\u00e7\u00e3o:<\/li><li>(a) a origem dos dados pessoais;<\/li><li>(b) As finalidades e os m\u00e9todos de tratamento;<\/li><li>(c) da l\u00f3gica aplicada em caso de tratamento efectuado com a ajuda de instrumentos electr\u00f3nicos;<\/li><li>(d) os dados de identifica\u00e7\u00e3o do propriet\u00e1rio, dos gestores e do representante designado nos termos do n.\u00ba 2 do artigo 5;<\/li><li>(e) Dos sujeitos ou categorias de sujeitos a quem os dados pessoais podem ser comunicados ou que deles podem ter conhecimento na sua qualidade de representantes designados no territ\u00f3rio do Estado, de gestores ou de agentes.<\/li><li>A parte interessada tem o direito de obter:<\/li><li>(a) a atualiza\u00e7\u00e3o, retifica\u00e7\u00e3o ou, se for caso disso, a integra\u00e7\u00e3o dos dados;<\/li><li>b) a anula\u00e7\u00e3o, a transforma\u00e7\u00e3o em forma an\u00f3nima ou o bloqueio dos dados tratados em viola\u00e7\u00e3o da lei, incluindo aqueles cuja conserva\u00e7\u00e3o n\u00e3o seja necess\u00e1ria relativamente \u00e0s finalidades para que foram recolhidos ou posteriormente tratados;<\/li><li>(c) A certifica\u00e7\u00e3o de que as opera\u00e7\u00f5es referidas nas al\u00edneas a) e b) foram levadas ao conhecimento, tamb\u00e9m no que diz respeito ao seu conte\u00fado, daqueles a quem os dados foram comunicados ou divulgados, exceto nos casos em que esta exig\u00eancia se revele imposs\u00edvel ou implique a utiliza\u00e7\u00e3o de meios manifestamente desproporcionados em rela\u00e7\u00e3o ao direito protegido.<\/li><li>A parte interessada tem o direito de se opor, no todo ou em parte:<\/li><li>a) por raz\u00f5es leg\u00edtimas para o tratamento de dados pessoais que lhe digam respeito, mesmo que sejam pertinentes para a finalidade da recolha;<\/li><li>b) ao tratamento de dados pessoais que lhe digam respeito para efeitos de envio de material publicit\u00e1rio ou de venda direta ou para a realiza\u00e7\u00e3o de estudos de mercado ou de comunica\u00e7\u00f5es comerciais.<\/li><\/ol><p>Est\u00e3o dispon\u00edveis mais informa\u00e7\u00f5es sobre o tratamento de dados pessoais na p\u00e1gina da pol\u00edtica de privacidade.<\/p><\/div><p>\u00a0<\/p><p>CHILIS LAB SL - Calle de Parcerisa, 13, 08014 Barcelona Espanha<\/p><\/div><\/div><\/div><\/div><\/section>\t\t\t\t\t\t\t\t<\/div>\n\t\t\t\t\t<\/div>\n\t\t\t\t<\/div>\n\t\t<div class=\"elementor-element elementor-element-3ecdf34 e-con-full e-flex e-con e-parent\" data-id=\"3ecdf34\" data-element_type=\"container\" data-e-type=\"container\" data-settings=\"{&quot;background_background&quot;:&quot;classic&quot;}\">\n\t\t<div class=\"elementor-element elementor-element-53018e1 e-con-full e-flex e-con e-child\" data-id=\"53018e1\" data-element_type=\"container\" data-e-type=\"container\" data-settings=\"{&quot;background_background&quot;:&quot;classic&quot;}\">\n\t\t<div class=\"elementor-element elementor-element-a6da15d e-con-full e-flex e-con e-child\" data-id=\"a6da15d\" data-element_type=\"container\" data-e-type=\"container\" data-settings=\"{&quot;background_background&quot;:&quot;classic&quot;}\">\n\t\t<div class=\"elementor-element elementor-element-6a43446 e-flex e-con-boxed e-con e-child\" data-id=\"6a43446\" data-element_type=\"container\" data-e-type=\"container\">\n\t\t\t\t\t<div class=\"e-con-inner\">\n\t\t<div class=\"elementor-element elementor-element-3550a72 e-flex e-con-boxed e-con e-child\" data-id=\"3550a72\" data-element_type=\"container\" data-e-type=\"container\">\n\t\t\t\t\t<div class=\"e-con-inner\">\n\t\t\t\t<div class=\"elementor-element elementor-element-8cd9278 elementor-widget elementor-widget-image\" data-id=\"8cd9278\" data-element_type=\"widget\" data-e-type=\"widget\" data-widget_type=\"image.default\">\n\t\t\t\t\t\t\t\t\t\t\t\t\t\t\t<img fetchpriority=\"high\" decoding=\"async\" width=\"700\" height=\"150\" src=\"https:\/\/curiosax.com\/wp-content\/uploads\/2026\/01\/Loghi-Siti.png\" class=\"attachment-full size-full wp-image-150\" alt=\"\" srcset=\"https:\/\/curiosax.com\/wp-content\/uploads\/2026\/01\/Loghi-Siti.png 700w, https:\/\/curiosax.com\/wp-content\/uploads\/2026\/01\/Loghi-Siti-300x64.png 300w, https:\/\/curiosax.com\/wp-content\/uploads\/2026\/01\/Loghi-Siti-18x4.png 18w\" sizes=\"(max-width: 700px) 100vw, 700px\" \/>\t\t\t\t\t\t\t\t\t\t\t\t\t\t\t<\/div>\n\t\t\t\t<div class=\"elementor-element elementor-element-c3e986d elementor-widget elementor-widget-heading\" data-id=\"c3e986d\" data-element_type=\"widget\" data-e-type=\"widget\" data-widget_type=\"heading.default\">\n\t\t\t\t\t<h2 class=\"elementor-heading-title elementor-size-default\">Oferecemos uma plataforma de com\u00e9rcio eletr\u00f3nico fi\u00e1vel e conveniente, ligando as pessoas a produtos que melhoram a sua vida quotidiana.<\/h2>\t\t\t\t<\/div>\n\t\t\t\t<div class=\"elementor-element elementor-element-3501d01 elementor-icon-list--layout-traditional elementor-list-item-link-full_width elementor-widget elementor-widget-icon-list\" data-id=\"3501d01\" data-element_type=\"widget\" data-e-type=\"widget\" data-widget_type=\"icon-list.default\">\n\t\t\t\t\t\t\t<ul class=\"elementor-icon-list-items\">\n\t\t\t\t\t\t\t<li class=\"elementor-icon-list-item\">\n\t\t\t\t\t\t\t\t\t\t\t<span class=\"elementor-icon-list-icon\">\n\t\t\t\t\t\t\t<svg aria-hidden=\"true\" class=\"e-font-icon-svg e-fas-envelope\" viewbox=\"0 0 512 512\" xmlns=\"http:\/\/www.w3.org\/2000\/svg\"><path d=\"M502.3 190.8c3.9-3.1 9.7-.2 9.7 4.7V400c0 26.5-21.5 48-48 48H48c-26.5 0-48-21.5-48-48V195.6c0-5 5.7-7.8 9.7-4.7 22.4 17.4 52.1 39.5 154.1 113.6 21.1 15.4 56.7 47.8 92.2 47.6 35.7.3 72-32.8 92.3-47.6 102-74.1 131.6-96.3 154-113.7zM256 320c23.2.4 56.6-29.2 73.4-41.4 132.7-96.3 142.8-104.7 173.4-128.7 5.8-4.5 9.2-11.5 9.2-18.9v-19c0-26.5-21.5-48-48-48H48C21.5 64 0 85.5 0 112v19c0 7.4 3.4 14.3 9.2 18.9 30.6 23.9 40.7 32.4 173.4 128.7 16.8 12.2 50.2 41.8 73.4 41.4z\"><\/path><\/svg>\t\t\t\t\t\t<\/span>\n\t\t\t\t\t\t\t\t\t\t<span class=\"elementor-icon-list-text\">info@curiosax.com<\/span>\n\t\t\t\t\t\t\t\t\t<\/li>\n\t\t\t\t\t\t<\/ul>\n\t\t\t\t\t\t<\/div>\n\t\t\t\t<div class=\"elementor-element elementor-element-7731be5 elementor-widget elementor-widget-heading\" data-id=\"7731be5\" data-element_type=\"widget\" data-e-type=\"widget\" data-widget_type=\"heading.default\">\n\t\t\t\t\t<h2 class=\"elementor-heading-title elementor-size-default\">\u00a9 2025 curiosax.com - Todos os direitos reservados. <br> CHILIS LAB SL - Calle de Parcerisa, 13, 08014 Barcelona Espanha <br><\/h2>\t\t\t\t<\/div>\n\t\t\t\t\t<\/div>\n\t\t\t\t<\/div>\n\t\t<div class=\"elementor-element elementor-element-7f0ab24 e-flex e-con-boxed e-con e-child\" data-id=\"7f0ab24\" data-element_type=\"container\" data-e-type=\"container\">\n\t\t\t\t\t<div class=\"e-con-inner\">\n\t\t\t\t<div class=\"elementor-element elementor-element-f739c81 elementor-widget elementor-widget-heading\" data-id=\"f739c81\" data-element_type=\"widget\" data-e-type=\"widget\" data-widget_type=\"heading.default\">\n\t\t\t\t\t<h2 class=\"elementor-heading-title elementor-size-default\">LIGA\u00c7\u00d5ES \u00daTEIS<\/h2>\t\t\t\t<\/div>\n\t\t\t\t<div class=\"elementor-element elementor-element-9161fc3 elementor-icon-list--layout-traditional elementor-list-item-link-full_width elementor-widget elementor-widget-icon-list\" data-id=\"9161fc3\" data-element_type=\"widget\" data-e-type=\"widget\" data-widget_type=\"icon-list.default\">\n\t\t\t\t\t\t\t<ul class=\"elementor-icon-list-items\">\n\t\t\t\t\t\t\t<li class=\"elementor-icon-list-item\">\n\t\t\t\t\t\t\t\t\t\t\t<a href=\"https:\/\/curiosax.com\/pt\/privacy-policy\/\" target=\"_blank\">\n\n\t\t\t\t\t\t\t\t\t\t\t<span class=\"elementor-icon-list-text\">Pol\u00edtica de privacidade<\/span>\n\t\t\t\t\t\t\t\t\t\t\t<\/a>\n\t\t\t\t\t\t\t\t\t<\/li>\n\t\t\t\t\t\t\t\t<li class=\"elementor-icon-list-item\">\n\t\t\t\t\t\t\t\t\t\t\t<a href=\"https:\/\/curiosax.com\/pt\/terms-and-conditions\/\" target=\"_blank\">\n\n\t\t\t\t\t\t\t\t\t\t\t<span class=\"elementor-icon-list-text\">Termos e condi\u00e7\u00f5es<\/span>\n\t\t\t\t\t\t\t\t\t\t\t<\/a>\n\t\t\t\t\t\t\t\t\t<\/li>\n\t\t\t\t\t\t\t\t<li class=\"elementor-icon-list-item\">\n\t\t\t\t\t\t\t\t\t\t\t<a href=\"https:\/\/curiosax.com\/pt\/cookie-policy\/\" target=\"_blank\">\n\n\t\t\t\t\t\t\t\t\t\t\t<span class=\"elementor-icon-list-text\">Pol\u00edtica de cookies<\/span>\n\t\t\t\t\t\t\t\t\t\t\t<\/a>\n\t\t\t\t\t\t\t\t\t<\/li>\n\t\t\t\t\t\t<\/ul>\n\t\t\t\t\t\t<\/div>\n\t\t\t\t\t<\/div>\n\t\t\t\t<\/div>\n\t\t<div class=\"elementor-element elementor-element-68a5c6a e-flex e-con-boxed e-con e-child\" data-id=\"68a5c6a\" data-element_type=\"container\" data-e-type=\"container\">\n\t\t\t\t\t<div class=\"e-con-inner\">\n\t\t\t\t<div class=\"elementor-element elementor-element-94c1fa8 elementor-widget elementor-widget-heading\" data-id=\"94c1fa8\" data-element_type=\"widget\" data-e-type=\"widget\" data-widget_type=\"heading.default\">\n\t\t\t\t\t<h2 class=\"elementor-heading-title elementor-size-default\">ENTREGA<\/h2>\t\t\t\t<\/div>\n\t\t\t\t<div class=\"elementor-element elementor-element-b107f90 elementor-icon-list--layout-traditional elementor-list-item-link-full_width elementor-widget elementor-widget-icon-list\" data-id=\"b107f90\" data-element_type=\"widget\" data-e-type=\"widget\" data-widget_type=\"icon-list.default\">\n\t\t\t\t\t\t\t<ul class=\"elementor-icon-list-items\">\n\t\t\t\t\t\t\t<li class=\"elementor-icon-list-item\">\n\t\t\t\t\t\t\t\t\t\t\t<a href=\"https:\/\/curiosax.com\/pt\/shipping-policy\/\" target=\"_blank\">\n\n\t\t\t\t\t\t\t\t\t\t\t<span class=\"elementor-icon-list-text\">Pol\u00edtica de envio<\/span>\n\t\t\t\t\t\t\t\t\t\t\t<\/a>\n\t\t\t\t\t\t\t\t\t<\/li>\n\t\t\t\t\t\t\t\t<li class=\"elementor-icon-list-item\">\n\t\t\t\t\t\t\t\t\t\t\t<a href=\"https:\/\/curiosax.com\/pt\/refund-policy\/\" target=\"_blank\">\n\n\t\t\t\t\t\t\t\t\t\t\t<span class=\"elementor-icon-list-text\">Pol\u00edticas de reembolso<\/span>\n\t\t\t\t\t\t\t\t\t\t\t<\/a>\n\t\t\t\t\t\t\t\t\t<\/li>\n\t\t\t\t\t\t<\/ul>\n\t\t\t\t\t\t<\/div>\n\t\t\t\t\t<\/div>\n\t\t\t\t<\/div>\n\t\t\t\t\t<\/div>\n\t\t\t\t<\/div>\n\t\t\t\t<\/div>\n\t\t\t\t<\/div>\n\t\t\t\t<\/div>\n\t\t\t\t<\/div>","protected":false},"excerpt":{"rendered":"<p>Cookie Policy Browsing the curiosax.com website (hereinafter also referred to as the &#8220;website&#8221;) involves the sending of cookies and similar tools to the user&#8217;s terminal. Therefore, as prescribed by the articles. 13 and 122 of Legislative Decree 196\/2003 (&#8220;privacy code&#8221;), as well as in accordance with the provisions of the General Provision of the Privacy [&hellip;]<\/p>","protected":false},"author":2,"featured_media":0,"parent":0,"menu_order":0,"comment_status":"closed","ping_status":"closed","template":"elementor_canvas","meta":{"footnotes":""},"class_list":["post-89","page","type-page","status-publish","hentry"],"_hostinger_reach_plugin_has_subscription_block":false,"_hostinger_reach_plugin_is_elementor":false,"_links":{"self":[{"href":"https:\/\/curiosax.com\/pt\/wp-json\/wp\/v2\/pages\/89","targetHints":{"allow":["GET"]}}],"collection":[{"href":"https:\/\/curiosax.com\/pt\/wp-json\/wp\/v2\/pages"}],"about":[{"href":"https:\/\/curiosax.com\/pt\/wp-json\/wp\/v2\/types\/page"}],"author":[{"embeddable":true,"href":"https:\/\/curiosax.com\/pt\/wp-json\/wp\/v2\/users\/2"}],"replies":[{"embeddable":true,"href":"https:\/\/curiosax.com\/pt\/wp-json\/wp\/v2\/comments?post=89"}],"version-history":[{"count":7,"href":"https:\/\/curiosax.com\/pt\/wp-json\/wp\/v2\/pages\/89\/revisions"}],"predecessor-version":[{"id":186,"href":"https:\/\/curiosax.com\/pt\/wp-json\/wp\/v2\/pages\/89\/revisions\/186"}],"wp:attachment":[{"href":"https:\/\/curiosax.com\/pt\/wp-json\/wp\/v2\/media?parent=89"}],"curies":[{"name":"wp","href":"https:\/\/api.w.org\/{rel}","templated":true}]}}