{"id":84,"date":"2026-01-14T09:04:12","date_gmt":"2026-01-14T09:04:12","guid":{"rendered":"https:\/\/curiosax.com\/refund-policy\/"},"modified":"2026-01-22T17:29:45","modified_gmt":"2026-01-22T17:29:45","slug":"refund-policy","status":"publish","type":"page","link":"https:\/\/curiosax.com\/hu\/refund-policy\/","title":{"rendered":"Visszat\u00e9r\u00edt\u00e9si politika"},"content":{"rendered":"<div data-elementor-type=\"wp-page\" data-elementor-id=\"84\" class=\"elementor elementor-84\" data-elementor-post-type=\"page\">\n\t\t\t\t<div class=\"elementor-element elementor-element-4e142b7d e-flex e-con-boxed e-con e-parent\" data-id=\"4e142b7d\" data-element_type=\"container\" data-e-type=\"container\" data-settings=\"{&quot;background_background&quot;:&quot;classic&quot;}\">\n\t\t\t\t\t<div class=\"e-con-inner\">\n\t\t\t\t<div class=\"elementor-element elementor-element-5b739933 elementor-widget elementor-widget-heading\" data-id=\"5b739933\" data-element_type=\"widget\" data-e-type=\"widget\" data-widget_type=\"heading.default\">\n\t\t\t\t\t<h2 class=\"elementor-heading-title elementor-size-default\">Visszat\u00e9r\u00edt\u00e9si politika<\/h2>\t\t\t\t<\/div>\n\t\t\t\t\t<\/div>\n\t\t\t\t<\/div>\n\t\t<div class=\"elementor-element elementor-element-28070d91 e-flex e-con-boxed e-con e-parent\" data-id=\"28070d91\" data-element_type=\"container\" data-e-type=\"container\">\n\t\t\t\t\t<div class=\"e-con-inner\">\n\t\t\t\t<div class=\"elementor-element elementor-element-38677a25 elementor-widget elementor-widget-text-editor\" data-id=\"38677a25\" data-element_type=\"widget\" data-e-type=\"widget\" data-widget_type=\"text-editor.default\">\n\t\t\t\t\t\t\t\t\t<p>Visszat\u00e9r\u00edt\u00e9si \u00e9s visszat\u00e9r\u00edt\u00e9si szab\u00e1lyzatunk 14 napig tart. Ha 14 nap telt el a v\u00e1s\u00e1rl\u00e1s \u00f3ta, nem \u00e1ll m\u00f3dunkban teljes visszat\u00e9r\u00edt\u00e9st vagy cser\u00e9t felaj\u00e1nlani.<\/p><p>A visszak\u00fcld\u00e9shez a term\u00e9knek haszn\u00e1laton k\u00edv\u00fclinek \u00e9s ugyanolyan \u00e1llapotban kell lennie, mint ahogyan azt megkapta. A term\u00e9knek az eredeti csomagol\u00e1sban kell lennie.<\/p><p>Sz\u00e1mos \u00e1rut\u00edpus mentes\u00fcl a visszak\u00fcld\u00e9s al\u00f3l. Az olyan romland\u00f3 \u00e1ruk, mint az \u00e9lelmiszerek, vir\u00e1gok, \u00fajs\u00e1gok vagy magazinok nem k\u00fcldhet\u0151k vissza. Tov\u00e1bb\u00e1 nem fogadunk el intim vagy eg\u00e9szs\u00e9g\u00fcgyi term\u00e9keket, vesz\u00e9lyes anyagokat, illetve gy\u00fal\u00e9kony folyad\u00e9kokat vagy g\u00e1zokat.<\/p><p>Tov\u00e1bbi nem visszav\u00e1lthat\u00f3 t\u00e9telek:<\/p><ul><li>Aj\u00e1nd\u00e9kk\u00e1rty\u00e1k<\/li><li>Let\u00f6lthet\u0151 szoftverterm\u00e9kek<\/li><li>N\u00e9h\u00e1ny eg\u00e9szs\u00e9g\u00fcgyi \u00e9s test\u00e1pol\u00e1si cikk<\/li><\/ul><div>\u00a0<\/div><div><p>A visszak\u00fcld\u00e9s befejez\u00e9s\u00e9hez sz\u00fcks\u00e9g\u00fcnk van a v\u00e1s\u00e1rl\u00e1st igazol\u00f3 nyugt\u00e1ra vagy bizonylatra.<\/p><\/div><p>K\u00e9rj\u00fck, ne k\u00fcldje vissza a v\u00e1s\u00e1rl\u00e1st a gy\u00e1rt\u00f3nak.<\/p><p>Vannak olyan helyzetek, amikor csak r\u00e9szleges visszat\u00e9r\u00edt\u00e9sre ker\u00fcl sor:<\/p><ul><li>Nyilv\u00e1nval\u00f3 haszn\u00e1lati nyomokkal rendelkez\u0151 k\u00f6nyv<\/li><li>CD-k, DVD-k, VHS kazett\u00e1k, szoftverek, videoj\u00e1t\u00e9kok, kazett\u00e1k vagy bakelitlemezek, amelyeket felbontottak.<\/li><\/ul><div>\u00a0<\/div><p>B\u00e1rmely olyan term\u00e9k, amely nem az eredeti \u00e1llapot\u00e1ban van, s\u00e9r\u00fclt, vagy nem a mi hib\u00e1nkb\u00f3l kifoly\u00f3lag hi\u00e1nyzik bel\u0151le.<br \/>B\u00e1rmely, a sz\u00e1ll\u00edt\u00e1st\u00f3l sz\u00e1m\u00edtott 30 napon t\u00fal visszak\u00fcld\u00f6tt term\u00e9k<\/p><h5><b>Visszat\u00e9r\u00edt\u00e9s<\/b><\/h5><p>Amint a visszak\u00fcld\u00f6tt term\u00e9ket megkaptuk \u00e9s ellen\u0151rizt\u00fck, k\u00fcld\u00fcnk \u00d6nnek egy e-mailt, amelyben \u00e9rtes\u00edtj\u00fck, hogy megkaptuk a visszak\u00fcld\u00f6tt term\u00e9ket. \u00c9rtes\u00edtj\u00fck \u00d6nt arr\u00f3l is, ha a visszat\u00e9r\u00edt\u00e9st j\u00f3v\u00e1hagytuk vagy elutas\u00edtottuk.<\/p><p>Ha j\u00f3v\u00e1hagyj\u00e1k, a visszat\u00e9r\u00edt\u00e9st feldolgozz\u00e1k, \u00e9s a j\u00f3v\u00e1\u00edr\u00e1st automatikusan j\u00f3v\u00e1\u00edrj\u00e1k a hitelk\u00e1rty\u00e1j\u00e1n vagy az eredeti fizet\u00e9si m\u00f3dszeren, bizonyos sz\u00e1m\u00fa napon bel\u00fcl.<\/p><h5><b>K\u00e9sedelmes vagy hi\u00e1nyz\u00f3 visszat\u00e9r\u00edt\u00e9sek<\/b><\/h5><p>Ha m\u00e9g mindig nem kapta meg a visszat\u00e9r\u00edt\u00e9st, k\u00e9rj\u00fck, ellen\u0151rizze \u00fajra banksz\u00e1ml\u00e1j\u00e1t.<\/p><p>Ezut\u00e1n l\u00e9pjen kapcsolatba a hitelk\u00e1rtya-t\u00e1rsas\u00e1ggal, mert eltarthat egy ideig, am\u00edg a visszat\u00e9r\u00edt\u00e9st hivatalosan is elk\u00fcldik.<\/p><p>Ezut\u00e1n l\u00e9pjen kapcsolatba a bankj\u00e1val. Gyakran van n\u00e9mi feldolgoz\u00e1si id\u0151, miel\u0151tt a visszat\u00e9r\u00edt\u00e9st k\u00f6nyvelik.<\/p><p>Ha mindezt megtette, \u00e9s m\u00e9g mindig nem kapta meg a visszat\u00e9r\u00edt\u00e9st, k\u00e9rj\u00fck, l\u00e9pjen kapcsolatba vel\u00fcnk a k\u00f6vetkez\u0151 c\u00edmen\u00a0<b>refund@curiosax.com<\/b><\/p><h5><b>Elad\u00f3 t\u00e9telek<\/b><\/h5><p>Csak a norm\u00e1l \u00e1r\u00fa t\u00e9teleket lehet visszat\u00e9r\u00edteni. Ezek a t\u00e9telek nem t\u00e9r\u00edthet\u0151k vissza.<\/p><h5><b>Cser\u00e9k<\/b><\/h5><p>Csak akkor cser\u00e9lj\u00fck ki a term\u00e9keket, ha azok hib\u00e1sak vagy s\u00e9r\u00fcltek.<\/p><p>\u00a0<\/p><p>CHILIS LAB SL - Calle de Parcerisa, 13, 08014 Barcelona Spanyolorsz\u00e1g<\/p>\t\t\t\t\t\t\t\t<\/div>\n\t\t\t\t\t<\/div>\n\t\t\t\t<\/div>\n\t\t<div class=\"elementor-element elementor-element-66d3cfc e-con-full e-flex e-con e-parent\" data-id=\"66d3cfc\" data-element_type=\"container\" data-e-type=\"container\" data-settings=\"{&quot;background_background&quot;:&quot;classic&quot;}\">\n\t\t<div class=\"elementor-element elementor-element-e0acd33 e-con-full e-flex e-con e-child\" data-id=\"e0acd33\" data-element_type=\"container\" data-e-type=\"container\" data-settings=\"{&quot;background_background&quot;:&quot;classic&quot;}\">\n\t\t<div class=\"elementor-element elementor-element-9bdb2ce e-con-full e-flex e-con e-child\" data-id=\"9bdb2ce\" data-element_type=\"container\" data-e-type=\"container\" data-settings=\"{&quot;background_background&quot;:&quot;classic&quot;}\">\n\t\t<div class=\"elementor-element elementor-element-4efe564 e-con-full e-flex e-con e-child\" data-id=\"4efe564\" data-element_type=\"container\" data-e-type=\"container\" data-settings=\"{&quot;background_background&quot;:&quot;classic&quot;}\">\n\t\t<div class=\"elementor-element elementor-element-ab5c500 e-flex e-con-boxed e-con e-child\" data-id=\"ab5c500\" data-element_type=\"container\" data-e-type=\"container\">\n\t\t\t\t\t<div class=\"e-con-inner\">\n\t\t<div class=\"elementor-element elementor-element-7054a43 e-flex e-con-boxed e-con e-child\" data-id=\"7054a43\" data-element_type=\"container\" data-e-type=\"container\">\n\t\t\t\t\t<div class=\"e-con-inner\">\n\t\t\t\t<div class=\"elementor-element elementor-element-444e5b0 elementor-widget elementor-widget-image\" data-id=\"444e5b0\" data-element_type=\"widget\" data-e-type=\"widget\" data-widget_type=\"image.default\">\n\t\t\t\t\t\t\t\t\t\t\t\t\t\t\t<img fetchpriority=\"high\" decoding=\"async\" width=\"700\" height=\"150\" src=\"https:\/\/curiosax.com\/wp-content\/uploads\/2026\/01\/Loghi-Siti.png\" class=\"attachment-full size-full wp-image-150\" alt=\"\" srcset=\"https:\/\/curiosax.com\/wp-content\/uploads\/2026\/01\/Loghi-Siti.png 700w, https:\/\/curiosax.com\/wp-content\/uploads\/2026\/01\/Loghi-Siti-300x64.png 300w, https:\/\/curiosax.com\/wp-content\/uploads\/2026\/01\/Loghi-Siti-18x4.png 18w\" sizes=\"(max-width: 700px) 100vw, 700px\" \/>\t\t\t\t\t\t\t\t\t\t\t\t\t\t\t<\/div>\n\t\t\t\t<div class=\"elementor-element elementor-element-b05be4b elementor-widget elementor-widget-heading\" data-id=\"b05be4b\" data-element_type=\"widget\" data-e-type=\"widget\" data-widget_type=\"heading.default\">\n\t\t\t\t\t<h2 class=\"elementor-heading-title elementor-size-default\">Megb\u00edzhat\u00f3 \u00e9s k\u00e9nyelmes e-kereskedelmi platformot k\u00edn\u00e1lunk, amely \u00f6sszek\u00f6ti az embereket a mindennapi \u00e9let\u00fcket jav\u00edt\u00f3 term\u00e9kekkel.<\/h2>\t\t\t\t<\/div>\n\t\t\t\t<div class=\"elementor-element elementor-element-2679fcc elementor-icon-list--layout-traditional elementor-list-item-link-full_width elementor-widget elementor-widget-icon-list\" data-id=\"2679fcc\" data-element_type=\"widget\" data-e-type=\"widget\" data-widget_type=\"icon-list.default\">\n\t\t\t\t\t\t\t<ul class=\"elementor-icon-list-items\">\n\t\t\t\t\t\t\t<li class=\"elementor-icon-list-item\">\n\t\t\t\t\t\t\t\t\t\t\t<span class=\"elementor-icon-list-icon\">\n\t\t\t\t\t\t\t<svg aria-hidden=\"true\" class=\"e-font-icon-svg e-fas-envelope\" viewbox=\"0 0 512 512\" xmlns=\"http:\/\/www.w3.org\/2000\/svg\"><path d=\"M502.3 190.8c3.9-3.1 9.7-.2 9.7 4.7V400c0 26.5-21.5 48-48 48H48c-26.5 0-48-21.5-48-48V195.6c0-5 5.7-7.8 9.7-4.7 22.4 17.4 52.1 39.5 154.1 113.6 21.1 15.4 56.7 47.8 92.2 47.6 35.7.3 72-32.8 92.3-47.6 102-74.1 131.6-96.3 154-113.7zM256 320c23.2.4 56.6-29.2 73.4-41.4 132.7-96.3 142.8-104.7 173.4-128.7 5.8-4.5 9.2-11.5 9.2-18.9v-19c0-26.5-21.5-48-48-48H48C21.5 64 0 85.5 0 112v19c0 7.4 3.4 14.3 9.2 18.9 30.6 23.9 40.7 32.4 173.4 128.7 16.8 12.2 50.2 41.8 73.4 41.4z\"><\/path><\/svg>\t\t\t\t\t\t<\/span>\n\t\t\t\t\t\t\t\t\t\t<span class=\"elementor-icon-list-text\">info@curiosax.com<\/span>\n\t\t\t\t\t\t\t\t\t<\/li>\n\t\t\t\t\t\t<\/ul>\n\t\t\t\t\t\t<\/div>\n\t\t\t\t<div class=\"elementor-element elementor-element-1144cb2 elementor-widget elementor-widget-heading\" data-id=\"1144cb2\" data-element_type=\"widget\" data-e-type=\"widget\" data-widget_type=\"heading.default\">\n\t\t\t\t\t<h2 class=\"elementor-heading-title elementor-size-default\">\u00a9 2025 curiosax.com - Minden jog fenntartva. <br> CHILIS LAB SL - Calle de Parcerisa, 13, 08014 Barcelona Spanyolorsz\u00e1g <br><\/h2>\t\t\t\t<\/div>\n\t\t\t\t\t<\/div>\n\t\t\t\t<\/div>\n\t\t<div class=\"elementor-element elementor-element-7346bb3 e-flex e-con-boxed e-con e-child\" data-id=\"7346bb3\" data-element_type=\"container\" data-e-type=\"container\">\n\t\t\t\t\t<div class=\"e-con-inner\">\n\t\t\t\t<div class=\"elementor-element elementor-element-48c6c2e elementor-widget elementor-widget-heading\" data-id=\"48c6c2e\" data-element_type=\"widget\" data-e-type=\"widget\" data-widget_type=\"heading.default\">\n\t\t\t\t\t<h2 class=\"elementor-heading-title elementor-size-default\">HASZNOS LINKEK<\/h2>\t\t\t\t<\/div>\n\t\t\t\t<div class=\"elementor-element elementor-element-7527c3b elementor-icon-list--layout-traditional elementor-list-item-link-full_width elementor-widget elementor-widget-icon-list\" data-id=\"7527c3b\" data-element_type=\"widget\" data-e-type=\"widget\" data-widget_type=\"icon-list.default\">\n\t\t\t\t\t\t\t<ul class=\"elementor-icon-list-items\">\n\t\t\t\t\t\t\t<li class=\"elementor-icon-list-item\">\n\t\t\t\t\t\t\t\t\t\t\t<a href=\"https:\/\/curiosax.com\/hu\/privacy-policy\/\" target=\"_blank\">\n\n\t\t\t\t\t\t\t\t\t\t\t<span class=\"elementor-icon-list-text\">Adatv\u00e9delmi ir\u00e1nyelvek<\/span>\n\t\t\t\t\t\t\t\t\t\t\t<\/a>\n\t\t\t\t\t\t\t\t\t<\/li>\n\t\t\t\t\t\t\t\t<li class=\"elementor-icon-list-item\">\n\t\t\t\t\t\t\t\t\t\t\t<a href=\"https:\/\/curiosax.com\/hu\/terms-and-conditions\/\" target=\"_blank\">\n\n\t\t\t\t\t\t\t\t\t\t\t<span class=\"elementor-icon-list-text\">Felt\u00e9telek \u00e9s felt\u00e9telek<\/span>\n\t\t\t\t\t\t\t\t\t\t\t<\/a>\n\t\t\t\t\t\t\t\t\t<\/li>\n\t\t\t\t\t\t\t\t<li class=\"elementor-icon-list-item\">\n\t\t\t\t\t\t\t\t\t\t\t<a href=\"https:\/\/curiosax.com\/hu\/cookie-policy\/\" target=\"_blank\">\n\n\t\t\t\t\t\t\t\t\t\t\t<span class=\"elementor-icon-list-text\">Cookie szab\u00e1lyzat<\/span>\n\t\t\t\t\t\t\t\t\t\t\t<\/a>\n\t\t\t\t\t\t\t\t\t<\/li>\n\t\t\t\t\t\t<\/ul>\n\t\t\t\t\t\t<\/div>\n\t\t\t\t\t<\/div>\n\t\t\t\t<\/div>\n\t\t<div class=\"elementor-element elementor-element-8c0bed4 e-flex e-con-boxed e-con e-child\" data-id=\"8c0bed4\" data-element_type=\"container\" data-e-type=\"container\">\n\t\t\t\t\t<div class=\"e-con-inner\">\n\t\t\t\t<div class=\"elementor-element elementor-element-f21e4bb elementor-widget elementor-widget-heading\" data-id=\"f21e4bb\" data-element_type=\"widget\" data-e-type=\"widget\" data-widget_type=\"heading.default\">\n\t\t\t\t\t<h2 class=\"elementor-heading-title elementor-size-default\">SZ\u00c1LL\u00cdT\u00c1S<\/h2>\t\t\t\t<\/div>\n\t\t\t\t<div class=\"elementor-element elementor-element-15ea406 elementor-icon-list--layout-traditional elementor-list-item-link-full_width elementor-widget elementor-widget-icon-list\" data-id=\"15ea406\" data-element_type=\"widget\" data-e-type=\"widget\" data-widget_type=\"icon-list.default\">\n\t\t\t\t\t\t\t<ul class=\"elementor-icon-list-items\">\n\t\t\t\t\t\t\t<li class=\"elementor-icon-list-item\">\n\t\t\t\t\t\t\t\t\t\t\t<a href=\"https:\/\/curiosax.com\/hu\/shipping-policy\/\" target=\"_blank\">\n\n\t\t\t\t\t\t\t\t\t\t\t<span class=\"elementor-icon-list-text\">Sz\u00e1ll\u00edt\u00e1si politika<\/span>\n\t\t\t\t\t\t\t\t\t\t\t<\/a>\n\t\t\t\t\t\t\t\t\t<\/li>\n\t\t\t\t\t\t\t\t<li class=\"elementor-icon-list-item\">\n\t\t\t\t\t\t\t\t\t\t\t<a href=\"https:\/\/curiosax.com\/hu\/refund-policy\/\" target=\"_blank\">\n\n\t\t\t\t\t\t\t\t\t\t\t<span class=\"elementor-icon-list-text\">Visszat\u00e9r\u00edt\u00e9si politika<\/span>\n\t\t\t\t\t\t\t\t\t\t\t<\/a>\n\t\t\t\t\t\t\t\t\t<\/li>\n\t\t\t\t\t\t<\/ul>\n\t\t\t\t\t\t<\/div>\n\t\t\t\t\t<\/div>\n\t\t\t\t<\/div>\n\t\t\t\t\t<\/div>\n\t\t\t\t<\/div>\n\t\t\t\t<\/div>\n\t\t\t\t<\/div>\n\t\t\t\t<\/div>\n\t\t\t\t<\/div>\n\t\t\t\t<\/div>","protected":false},"excerpt":{"rendered":"<p>Refund Policy Our refund and return policy lasts 14 days.\u00a0If 14 days have passed since your purchase, we cannot offer you a full refund or exchange. To be eligible for a return, your item must be unused and in the same condition you received it.\u00a0It must also be in the original packaging. Several types of [&hellip;]<\/p>","protected":false},"author":2,"featured_media":0,"parent":0,"menu_order":0,"comment_status":"closed","ping_status":"closed","template":"elementor_canvas","meta":{"footnotes":""},"class_list":["post-84","page","type-page","status-publish","hentry"],"_hostinger_reach_plugin_has_subscription_block":false,"_hostinger_reach_plugin_is_elementor":false,"_links":{"self":[{"href":"https:\/\/curiosax.com\/hu\/wp-json\/wp\/v2\/pages\/84","targetHints":{"allow":["GET"]}}],"collection":[{"href":"https:\/\/curiosax.com\/hu\/wp-json\/wp\/v2\/pages"}],"about":[{"href":"https:\/\/curiosax.com\/hu\/wp-json\/wp\/v2\/types\/page"}],"author":[{"embeddable":true,"href":"https:\/\/curiosax.com\/hu\/wp-json\/wp\/v2\/users\/2"}],"replies":[{"embeddable":true,"href":"https:\/\/curiosax.com\/hu\/wp-json\/wp\/v2\/comments?post=84"}],"version-history":[{"count":7,"href":"https:\/\/curiosax.com\/hu\/wp-json\/wp\/v2\/pages\/84\/revisions"}],"predecessor-version":[{"id":192,"href":"https:\/\/curiosax.com\/hu\/wp-json\/wp\/v2\/pages\/84\/revisions\/192"}],"wp:attachment":[{"href":"https:\/\/curiosax.com\/hu\/wp-json\/wp\/v2\/media?parent=84"}],"curies":[{"name":"wp","href":"https:\/\/api.w.org\/{rel}","templated":true}]}}