{"id":73,"date":"2026-01-14T09:04:11","date_gmt":"2026-01-14T09:04:11","guid":{"rendered":"https:\/\/curiosax.com\/shipping-policy\/"},"modified":"2026-01-22T17:29:48","modified_gmt":"2026-01-22T17:29:48","slug":"shipping-policy","status":"publish","type":"page","link":"https:\/\/curiosax.com\/hu\/shipping-policy\/","title":{"rendered":"Sz\u00e1ll\u00edt\u00e1si politika"},"content":{"rendered":"<div data-elementor-type=\"wp-page\" data-elementor-id=\"73\" class=\"elementor elementor-73\" data-elementor-post-type=\"page\">\n\t\t\t\t<div class=\"elementor-element elementor-element-6887d398 e-flex e-con-boxed e-con e-parent\" data-id=\"6887d398\" data-element_type=\"container\" data-e-type=\"container\" data-settings=\"{&quot;background_background&quot;:&quot;classic&quot;}\">\n\t\t\t\t\t<div class=\"e-con-inner\">\n\t\t\t\t<div class=\"elementor-element elementor-element-3533f55b elementor-widget elementor-widget-heading\" data-id=\"3533f55b\" data-element_type=\"widget\" data-e-type=\"widget\" data-widget_type=\"heading.default\">\n\t\t\t\t\t<h2 class=\"elementor-heading-title elementor-size-default\">Sz\u00e1ll\u00edt\u00e1si politika<\/h2>\t\t\t\t<\/div>\n\t\t\t\t\t<\/div>\n\t\t\t\t<\/div>\n\t\t<div class=\"elementor-element elementor-element-6408aa61 e-flex e-con-boxed e-con e-parent\" data-id=\"6408aa61\" data-element_type=\"container\" data-e-type=\"container\">\n\t\t\t\t\t<div class=\"e-con-inner\">\n\t\t\t\t<div class=\"elementor-element elementor-element-3ae800a8 elementor-widget elementor-widget-text-editor\" data-id=\"3ae800a8\" data-element_type=\"widget\" data-e-type=\"widget\" data-widget_type=\"text-editor.default\">\n\t\t\t\t\t\t\t\t\t<p><strong>SZ\u00c1LL\u00cdT\u00c1SI INFORM\u00c1CI\u00d3K<\/strong><\/p><p><strong>A term\u00e9keket Olaszorsz\u00e1g eg\u00e9sz ter\u00fclet\u00e9re, de k\u00fclf\u00f6ldre is sz\u00e1ll\u00edtj\u00e1k.<\/strong><br \/>A megrendel\u00e9s\u00e9t az \u00d6n \u00e1ltal v\u00e1lasztott c\u00edmre (otthonra, munkahelyre stb. - nem postafi\u00f3kba) k\u00fcldhetj\u00fck. A legt\u00f6bb term\u00e9ket \u00e1ltal\u00e1ban 24 \u00f3r\u00e1n bel\u00fcl, bizonyos t\u00e9teleket pedig k\u00f6r\u00fclbel\u00fcl 72 \u00f3r\u00e1n bel\u00fcl sz\u00e1ll\u00edtunk. A sz\u00e1ll\u00edt\u00e1si id\u0151t a v\u00e1s\u00e1rl\u00e1skor egy\u00e9rtelm\u0171en meghirdetj\u00fck. A sz\u00e1ll\u00edt\u00e1si id\u0151 \u00e1ltal\u00e1ban 2-3 munkanap.<\/p><p><strong>SZ\u00c1LL\u00cdT\u00c1SI K\u00d6LTS\u00c9GEK<\/strong><br \/>Mint \u00e1ltal\u00e1ban, a k\u00fcldem\u00e9nyek tartalmazz\u00e1k az expressz szolg\u00e1ltat\u00e1st, a sz\u00e1ll\u00edt\u00e1si k\u00f6lts\u00e9geket, a k\u00fcldem\u00e9ny nyomon k\u00f6vet\u00e9s\u00e9t \u00e9s a k\u00e9zbes\u00edt\u00e9skor t\u00f6rt\u00e9n\u0151 al\u00e1\u00edr\u00e1st az \u00e1ru \u00e1llapot\u00e1nak biztos\u00edt\u00e1sa \u00e9rdek\u00e9ben.<\/p><p>A kiv\u00e1lasztott term\u00e9kek eset\u00e9ben ingyenes, m\u00e1s term\u00e9kkateg\u00f3ri\u00e1k eset\u00e9ben pedig fizet\u0151s sz\u00e1ll\u00edt\u00e1st k\u00edn\u00e1lunk. A megrendel\u00e9s lead\u00e1sa ut\u00e1n felvessz\u00fck \u00d6nnel a kapcsolatot, \u00e9s t\u00e1j\u00e9koztatjuk a sz\u00e1ll\u00edt\u00e1si d\u00edjr\u00f3l.<\/p><h5><b>Visszat\u00e9r\u00edt\u00e9s<\/b><\/h5><p>A term\u00e9k visszak\u00fcld\u00e9s\u00e9hez a term\u00e9ket a k\u00f6vetkez\u0151 c\u00edmre kell k\u00fcldenie: {fizikai c\u00edm}.<\/p><p>A term\u00e9k visszak\u00fcld\u00e9s\u00e9nek sz\u00e1ll\u00edt\u00e1si k\u00f6lts\u00e9geit \u00d6n maga viseli. A sz\u00e1ll\u00edt\u00e1si k\u00f6lts\u00e9gek nem t\u00e9r\u00edthet\u0151k vissza. Ha visszat\u00e9r\u00edt\u00e9st kap, a visszak\u00fcld\u00e9s k\u00f6lts\u00e9ge levon\u00e1sra ker\u00fcl a visszat\u00e9r\u00edt\u00e9sb\u0151l.<\/p><p>Att\u00f3l f\u00fcgg\u0151en, hogy hol lakik, a kicser\u00e9lt term\u00e9k eljut\u00e1si ideje elt\u00e9r\u0151 lehet.<\/p><p>Ha dr\u00e1g\u00e1bb term\u00e9keket k\u00fcld vissza, \u00e9rdemes megfontolni, hogy nyomon k\u00f6vethet\u0151 sz\u00e1ll\u00edt\u00e1si szolg\u00e1ltat\u00e1st vegyen ig\u00e9nybe, vagy sz\u00e1ll\u00edt\u00e1si biztos\u00edt\u00e1st k\u00f6ss\u00f6n. Nem garant\u00e1ljuk, hogy a visszak\u00fcld\u00f6tt term\u00e9ket megkapjuk.<\/p><p>\u00a0<\/p><p>CHILIS LAB SL - Calle de Parcerisa, 13, 08014 Barcelona Spanyolorsz\u00e1g<\/p>\t\t\t\t\t\t\t\t<\/div>\n\t\t\t\t\t<\/div>\n\t\t\t\t<\/div>\n\t\t<div class=\"elementor-element elementor-element-581b40b e-con-full e-flex e-con e-parent\" data-id=\"581b40b\" data-element_type=\"container\" data-e-type=\"container\" data-settings=\"{&quot;background_background&quot;:&quot;classic&quot;}\">\n\t\t<div class=\"elementor-element elementor-element-bd658ee e-con-full e-flex e-con e-child\" data-id=\"bd658ee\" data-element_type=\"container\" data-e-type=\"container\" data-settings=\"{&quot;background_background&quot;:&quot;classic&quot;}\">\n\t\t<div class=\"elementor-element elementor-element-c81a4ec e-con-full e-flex e-con e-child\" data-id=\"c81a4ec\" data-element_type=\"container\" data-e-type=\"container\" data-settings=\"{&quot;background_background&quot;:&quot;classic&quot;}\">\n\t\t<div class=\"elementor-element elementor-element-7ecd471 e-con-full e-flex e-con e-child\" data-id=\"7ecd471\" data-element_type=\"container\" data-e-type=\"container\" data-settings=\"{&quot;background_background&quot;:&quot;classic&quot;}\">\n\t\t<div class=\"elementor-element elementor-element-5fd8c0b e-flex e-con-boxed e-con e-child\" data-id=\"5fd8c0b\" data-element_type=\"container\" data-e-type=\"container\">\n\t\t\t\t\t<div class=\"e-con-inner\">\n\t\t<div class=\"elementor-element elementor-element-af73146 e-flex e-con-boxed e-con e-child\" data-id=\"af73146\" data-element_type=\"container\" data-e-type=\"container\">\n\t\t\t\t\t<div class=\"e-con-inner\">\n\t\t\t\t<div class=\"elementor-element elementor-element-8ee4208 elementor-widget elementor-widget-image\" data-id=\"8ee4208\" data-element_type=\"widget\" data-e-type=\"widget\" data-widget_type=\"image.default\">\n\t\t\t\t\t\t\t\t\t\t\t\t\t\t\t<img fetchpriority=\"high\" decoding=\"async\" width=\"700\" height=\"150\" src=\"https:\/\/curiosax.com\/wp-content\/uploads\/2026\/01\/Loghi-Siti.png\" class=\"attachment-full size-full wp-image-150\" alt=\"\" srcset=\"https:\/\/curiosax.com\/wp-content\/uploads\/2026\/01\/Loghi-Siti.png 700w, https:\/\/curiosax.com\/wp-content\/uploads\/2026\/01\/Loghi-Siti-300x64.png 300w, https:\/\/curiosax.com\/wp-content\/uploads\/2026\/01\/Loghi-Siti-18x4.png 18w\" sizes=\"(max-width: 700px) 100vw, 700px\" \/>\t\t\t\t\t\t\t\t\t\t\t\t\t\t\t<\/div>\n\t\t\t\t<div class=\"elementor-element elementor-element-a2e00c6 elementor-widget elementor-widget-heading\" data-id=\"a2e00c6\" data-element_type=\"widget\" data-e-type=\"widget\" data-widget_type=\"heading.default\">\n\t\t\t\t\t<h2 class=\"elementor-heading-title elementor-size-default\">Megb\u00edzhat\u00f3 \u00e9s k\u00e9nyelmes e-kereskedelmi platformot k\u00edn\u00e1lunk, amely \u00f6sszek\u00f6ti az embereket a mindennapi \u00e9let\u00fcket jav\u00edt\u00f3 term\u00e9kekkel.<\/h2>\t\t\t\t<\/div>\n\t\t\t\t<div class=\"elementor-element elementor-element-21ff18e elementor-icon-list--layout-traditional elementor-list-item-link-full_width elementor-widget elementor-widget-icon-list\" data-id=\"21ff18e\" data-element_type=\"widget\" data-e-type=\"widget\" data-widget_type=\"icon-list.default\">\n\t\t\t\t\t\t\t<ul class=\"elementor-icon-list-items\">\n\t\t\t\t\t\t\t<li class=\"elementor-icon-list-item\">\n\t\t\t\t\t\t\t\t\t\t\t<span class=\"elementor-icon-list-icon\">\n\t\t\t\t\t\t\t<svg aria-hidden=\"true\" class=\"e-font-icon-svg e-fas-envelope\" viewbox=\"0 0 512 512\" xmlns=\"http:\/\/www.w3.org\/2000\/svg\"><path d=\"M502.3 190.8c3.9-3.1 9.7-.2 9.7 4.7V400c0 26.5-21.5 48-48 48H48c-26.5 0-48-21.5-48-48V195.6c0-5 5.7-7.8 9.7-4.7 22.4 17.4 52.1 39.5 154.1 113.6 21.1 15.4 56.7 47.8 92.2 47.6 35.7.3 72-32.8 92.3-47.6 102-74.1 131.6-96.3 154-113.7zM256 320c23.2.4 56.6-29.2 73.4-41.4 132.7-96.3 142.8-104.7 173.4-128.7 5.8-4.5 9.2-11.5 9.2-18.9v-19c0-26.5-21.5-48-48-48H48C21.5 64 0 85.5 0 112v19c0 7.4 3.4 14.3 9.2 18.9 30.6 23.9 40.7 32.4 173.4 128.7 16.8 12.2 50.2 41.8 73.4 41.4z\"><\/path><\/svg>\t\t\t\t\t\t<\/span>\n\t\t\t\t\t\t\t\t\t\t<span class=\"elementor-icon-list-text\">info@curiosax.com<\/span>\n\t\t\t\t\t\t\t\t\t<\/li>\n\t\t\t\t\t\t<\/ul>\n\t\t\t\t\t\t<\/div>\n\t\t\t\t<div class=\"elementor-element elementor-element-f3ab3ee elementor-widget elementor-widget-heading\" data-id=\"f3ab3ee\" data-element_type=\"widget\" data-e-type=\"widget\" data-widget_type=\"heading.default\">\n\t\t\t\t\t<h2 class=\"elementor-heading-title elementor-size-default\">\u00a9 2025 curiosax.com - Minden jog fenntartva. <br> CHILIS LAB SL - Calle de Parcerisa, 13, 08014 Barcelona Spanyolorsz\u00e1g <br><\/h2>\t\t\t\t<\/div>\n\t\t\t\t\t<\/div>\n\t\t\t\t<\/div>\n\t\t<div class=\"elementor-element elementor-element-670b6aa e-flex e-con-boxed e-con e-child\" data-id=\"670b6aa\" data-element_type=\"container\" data-e-type=\"container\">\n\t\t\t\t\t<div class=\"e-con-inner\">\n\t\t\t\t<div class=\"elementor-element elementor-element-eddacef elementor-widget elementor-widget-heading\" data-id=\"eddacef\" data-element_type=\"widget\" data-e-type=\"widget\" data-widget_type=\"heading.default\">\n\t\t\t\t\t<h2 class=\"elementor-heading-title elementor-size-default\">HASZNOS LINKEK<\/h2>\t\t\t\t<\/div>\n\t\t\t\t<div class=\"elementor-element elementor-element-be67759 elementor-icon-list--layout-traditional elementor-list-item-link-full_width elementor-widget elementor-widget-icon-list\" data-id=\"be67759\" data-element_type=\"widget\" data-e-type=\"widget\" data-widget_type=\"icon-list.default\">\n\t\t\t\t\t\t\t<ul class=\"elementor-icon-list-items\">\n\t\t\t\t\t\t\t<li class=\"elementor-icon-list-item\">\n\t\t\t\t\t\t\t\t\t\t\t<a href=\"https:\/\/curiosax.com\/hu\/privacy-policy\/\" target=\"_blank\">\n\n\t\t\t\t\t\t\t\t\t\t\t<span class=\"elementor-icon-list-text\">Adatv\u00e9delmi ir\u00e1nyelvek<\/span>\n\t\t\t\t\t\t\t\t\t\t\t<\/a>\n\t\t\t\t\t\t\t\t\t<\/li>\n\t\t\t\t\t\t\t\t<li class=\"elementor-icon-list-item\">\n\t\t\t\t\t\t\t\t\t\t\t<a href=\"https:\/\/curiosax.com\/hu\/terms-and-conditions\/\" target=\"_blank\">\n\n\t\t\t\t\t\t\t\t\t\t\t<span class=\"elementor-icon-list-text\">Felt\u00e9telek \u00e9s felt\u00e9telek<\/span>\n\t\t\t\t\t\t\t\t\t\t\t<\/a>\n\t\t\t\t\t\t\t\t\t<\/li>\n\t\t\t\t\t\t\t\t<li class=\"elementor-icon-list-item\">\n\t\t\t\t\t\t\t\t\t\t\t<a href=\"https:\/\/curiosax.com\/hu\/cookie-policy\/\" target=\"_blank\">\n\n\t\t\t\t\t\t\t\t\t\t\t<span class=\"elementor-icon-list-text\">Cookie szab\u00e1lyzat<\/span>\n\t\t\t\t\t\t\t\t\t\t\t<\/a>\n\t\t\t\t\t\t\t\t\t<\/li>\n\t\t\t\t\t\t<\/ul>\n\t\t\t\t\t\t<\/div>\n\t\t\t\t\t<\/div>\n\t\t\t\t<\/div>\n\t\t<div class=\"elementor-element elementor-element-4ad5270 e-flex e-con-boxed e-con e-child\" data-id=\"4ad5270\" data-element_type=\"container\" data-e-type=\"container\">\n\t\t\t\t\t<div class=\"e-con-inner\">\n\t\t\t\t<div class=\"elementor-element elementor-element-0e47fef elementor-widget elementor-widget-heading\" data-id=\"0e47fef\" data-element_type=\"widget\" data-e-type=\"widget\" data-widget_type=\"heading.default\">\n\t\t\t\t\t<h2 class=\"elementor-heading-title elementor-size-default\">SZ\u00c1LL\u00cdT\u00c1S<\/h2>\t\t\t\t<\/div>\n\t\t\t\t<div class=\"elementor-element elementor-element-fd87b37 elementor-icon-list--layout-traditional elementor-list-item-link-full_width elementor-widget elementor-widget-icon-list\" data-id=\"fd87b37\" data-element_type=\"widget\" data-e-type=\"widget\" data-widget_type=\"icon-list.default\">\n\t\t\t\t\t\t\t<ul class=\"elementor-icon-list-items\">\n\t\t\t\t\t\t\t<li class=\"elementor-icon-list-item\">\n\t\t\t\t\t\t\t\t\t\t\t<a href=\"https:\/\/curiosax.com\/hu\/shipping-policy\/\" target=\"_blank\">\n\n\t\t\t\t\t\t\t\t\t\t\t<span class=\"elementor-icon-list-text\">Sz\u00e1ll\u00edt\u00e1si politika<\/span>\n\t\t\t\t\t\t\t\t\t\t\t<\/a>\n\t\t\t\t\t\t\t\t\t<\/li>\n\t\t\t\t\t\t\t\t<li class=\"elementor-icon-list-item\">\n\t\t\t\t\t\t\t\t\t\t\t<a href=\"https:\/\/curiosax.com\/hu\/refund-policy\/\" target=\"_blank\">\n\n\t\t\t\t\t\t\t\t\t\t\t<span class=\"elementor-icon-list-text\">Visszat\u00e9r\u00edt\u00e9si politika<\/span>\n\t\t\t\t\t\t\t\t\t\t\t<\/a>\n\t\t\t\t\t\t\t\t\t<\/li>\n\t\t\t\t\t\t<\/ul>\n\t\t\t\t\t\t<\/div>\n\t\t\t\t\t<\/div>\n\t\t\t\t<\/div>\n\t\t\t\t\t<\/div>\n\t\t\t\t<\/div>\n\t\t\t\t<\/div>\n\t\t\t\t<\/div>\n\t\t\t\t<\/div>\n\t\t\t\t<\/div>\n\t\t\t\t<\/div>","protected":false},"excerpt":{"rendered":"<p>Shipping Policy SHIPPING INFORMATION The products are delivered throughout Italy but also abroad.Your order can be sent to an address of your choice (home, work, etc. \u2013 not a post office box).\u00a0We typically ship within 24 hours for most items and approximately 72 hours for specific items.\u00a0Shipping times are clearly advertised at the time of [&hellip;]<\/p>","protected":false},"author":2,"featured_media":0,"parent":0,"menu_order":0,"comment_status":"closed","ping_status":"closed","template":"elementor_canvas","meta":{"footnotes":""},"class_list":["post-73","page","type-page","status-publish","hentry"],"_hostinger_reach_plugin_has_subscription_block":false,"_hostinger_reach_plugin_is_elementor":false,"_links":{"self":[{"href":"https:\/\/curiosax.com\/hu\/wp-json\/wp\/v2\/pages\/73","targetHints":{"allow":["GET"]}}],"collection":[{"href":"https:\/\/curiosax.com\/hu\/wp-json\/wp\/v2\/pages"}],"about":[{"href":"https:\/\/curiosax.com\/hu\/wp-json\/wp\/v2\/types\/page"}],"author":[{"embeddable":true,"href":"https:\/\/curiosax.com\/hu\/wp-json\/wp\/v2\/users\/2"}],"replies":[{"embeddable":true,"href":"https:\/\/curiosax.com\/hu\/wp-json\/wp\/v2\/comments?post=73"}],"version-history":[{"count":7,"href":"https:\/\/curiosax.com\/hu\/wp-json\/wp\/v2\/pages\/73\/revisions"}],"predecessor-version":[{"id":195,"href":"https:\/\/curiosax.com\/hu\/wp-json\/wp\/v2\/pages\/73\/revisions\/195"}],"wp:attachment":[{"href":"https:\/\/curiosax.com\/hu\/wp-json\/wp\/v2\/media?parent=73"}],"curies":[{"name":"wp","href":"https:\/\/api.w.org\/{rel}","templated":true}]}}