{"id":89,"date":"2026-01-14T09:04:14","date_gmt":"2026-01-14T09:04:14","guid":{"rendered":"https:\/\/curiosax.com\/cookie-policy\/"},"modified":"2026-01-22T17:29:40","modified_gmt":"2026-01-22T17:29:40","slug":"cookie-policy","status":"publish","type":"page","link":"https:\/\/curiosax.com\/hr\/cookie-policy\/","title":{"rendered":"Pravila o kola\u010di\u0107ima"},"content":{"rendered":"<div data-elementor-type=\"wp-page\" data-elementor-id=\"89\" class=\"elementor elementor-89\" data-elementor-post-type=\"page\">\n\t\t\t\t<div class=\"elementor-element elementor-element-450cae26 e-flex e-con-boxed e-con e-parent\" data-id=\"450cae26\" data-element_type=\"container\" data-e-type=\"container\" data-settings=\"{&quot;background_background&quot;:&quot;classic&quot;}\">\n\t\t\t\t\t<div class=\"e-con-inner\">\n\t\t\t\t<div class=\"elementor-element elementor-element-33ba68d7 elementor-widget elementor-widget-heading\" data-id=\"33ba68d7\" data-element_type=\"widget\" data-e-type=\"widget\" data-widget_type=\"heading.default\">\n\t\t\t\t\t<h2 class=\"elementor-heading-title elementor-size-default\">Pravila o kola\u010di\u0107ima<\/h2>\t\t\t\t<\/div>\n\t\t\t\t\t<\/div>\n\t\t\t\t<\/div>\n\t\t<div class=\"elementor-element elementor-element-4f2754ab e-flex e-con-boxed e-con e-parent\" data-id=\"4f2754ab\" data-element_type=\"container\" data-e-type=\"container\">\n\t\t\t\t\t<div class=\"e-con-inner\">\n\t\t\t\t<div class=\"elementor-element elementor-element-1aea267e elementor-widget elementor-widget-text-editor\" data-id=\"1aea267e\" data-element_type=\"widget\" data-e-type=\"widget\" data-widget_type=\"text-editor.default\">\n\t\t\t\t\t\t\t\t\t<p><strong>Kada pregledavate web-stranicu curiosax.com (u daljnjem tekstu tako\u0111er nazvanu \u201cweb-stranica\u201d), na va\u0161 ure\u0111aj se \u0161alju kola\u010di\u0107i i sli\u010dne tehnologije.<\/strong><\/p><section data-particle_enable=\"false\" data-particle-mobile-disabled=\"false\" data-id=\"29efe3bb\" data-element_type=\"section\"><div><div data-id=\"7b6096bb\" data-element_type=\"column\"><div><div data-id=\"4f8dbe0d\" data-element_type=\"widget\" data-widget_type=\"text-editor.default\"><div><p>Stoga, u skladu s \u010dlancima 13. i 122. Zakonske uredbe 196\/2003 (\u201cZakon o za\u0161titi privatnosti\u201d), kao i u skladu s odredbama Op\u0107e odredbe Talijanske uprave za za\u0161titu podataka od 8. svibnja 2014., curiosax.com, voditelj obrade podataka (u daljnjem tekstu \u201cVoditelj obrade\u201d ili \u201ccuriosax\u201d), dostavlja korisnicima informacije o kola\u010di\u0107ima ili sli\u010dnim tehnologijama koje se koriste ili \u010dija je instalacija dopu\u0161tena.<\/p><p>\u0160to su kola\u010di\u0107i?<\/p><p>Kola\u010di\u0107i su male tekstualne datoteke koje web-stranice koje korisnik posjeti \u0161alju na njegov ure\u0111aj (obi\u010dno u preglednik), gdje se pohranjuju prije nego \u0161to se sljede\u0107i put kad korisnik posjeti te iste web-stranice ponovno po\u0161alju njima.<\/p><p>Podijeljeni su na tehni\u010dke kola\u010di\u0107e (koji se koriste isklju\u010divo u svrhu prijenosa komunikacije putem elektroni\u010dke komunikacijske mre\u017ee ili u mjeri strogo potrebnoj pru\u017eatelju eksplicitno zatra\u017eene usluge informacijskog dru\u0161tva) i kola\u010di\u0107e za profiliranje (namijenjene izradi profila korisnika i kori\u0161tene u svrhu slanja reklamnih poruka prilago\u0111enih preferencijama koje je korisnik izrazio tijekom pregledavanja).<\/p><p>Dok pregledava, korisnik mo\u017ee primati kola\u010di\u0107e na svoj ure\u0111aj koji se \u0161alju s razli\u010ditih web-stranica ili web-poslu\u017eitelja (takozvani \u201ckola\u010di\u0107i tre\u0107ih strana\u201d), a koje izravno postavljaju operateri tih web-stranica i koriste u svrhe i u skladu s metodama koje su oni definirali.<\/p><p>Koji su sli\u010dni alati na koje se primjenjuju ista pravila kao i na kola\u010di\u0107e?<\/p><p>Pravilnik o kori\u0161tenju kola\u010di\u0107a tako\u0111er se primjenjuje i na druge sli\u010dne alate.<\/p><p>To su alati (kao \u0161to su piksele, web-svetionici, web-bube, prozirni GIF-ovi ili sli\u010dno) koji omogu\u0107uju identifikaciju korisnika ili ure\u0111aja i stoga su obuhva\u0107eni odredbom Ureda za za\u0161titu podataka od 8. svibnja 2014.<\/p><p>Vrste kola\u010di\u0107a koji se koriste na ovoj web stranici<\/p><p>Stranica koristi tehni\u010dke kola\u010di\u0107e, kao i kola\u010di\u0107e analitike tre\u0107ih strana, kola\u010di\u0107e profiliranja tre\u0107ih strana i sli\u010dne alate.<\/p><p>Tehni\u010dki kola\u010di\u0107i<\/p><p>Web stranica koristi tehni\u010dke kola\u010di\u0107e za koje, u skladu s \u010dlankom 122. Zakona o za\u0161titi podataka i Odredbom Ureda za za\u0161titu podataka od 8. svibnja 2014., nije potrebno pristajanje ispitanika.<\/p><p>Konkretnije, web-stranica koristi sljede\u0107e tehni\u010dke kola\u010di\u0107e:<\/p><table><tbody><tr><td><p>Naziv kola\u010di\u0107a<\/p><\/td><td><p>ROK ISTEKA<\/p><\/td><\/tr><tr><td><p>PHPSESSID<\/p><\/td><td><p>Na kraju sesije pregledavanja<\/p><\/td><\/tr><tr><td><p>Icl_current_language (za pohranu odabratog jezika)<\/p><\/td><td><p>Na kraju sesije pregledavanja<\/p><\/td><\/tr><tr><td><p>wordpress_logged_in_ (za pohranu podataka za prijavu za ograni\u010deno podru\u010dje)<\/p><\/td><td><p>Na kraju sesije pregledavanja<\/p><\/td><\/tr><tr><td><p>wordpress_test_cookie<br \/>(WordPress postavlja ovaj kola\u010di\u0107 kada se prijavite putem stranice za prijavu. Kola\u010di\u0107 se koristi za provjeru je li va\u0161 preglednik postavljen da prihva\u0107a ili odbija kola\u010di\u0107e.)<\/p><\/td><td><p>Na kraju sesije pregledavanja<\/p><\/td><\/tr><tr><td><p>wordpress_xxxxx<br \/>(WordPress koristi ove kola\u010di\u0107e za pohranu podataka o autentifikaciji)<\/p><\/td><td><p>Na kraju sesije pregledavanja<\/p><\/td><\/tr><tr><td><p>wp-postavke-1<br \/>(WordPress koristi ovaj kola\u010di\u0107 za prilagodbu prikaza administratorskog su\u010delja, a mogu\u0107e i glavnog su\u010delja stranice.)<\/p><\/td><td><p>1 godina<\/p><\/td><\/tr><tr><td><p>wp-settings-time-1<br \/>(WordPress koristi ovaj kola\u010di\u0107 za prilagodbu prikaza administratorskog su\u010delja, a mogu\u0107e i glavnog su\u010delja stranice.)<\/p><\/td><td><p>1 godina<\/p><\/td><\/tr><tr><td><p>w3tc_referrer (kako bi platforma ispravno radila)<\/p><\/td><td><p>Zavr\u0161ava kada se preglednik zatvori<\/p><\/td><\/tr><tr><td><p>bp-aktivnost-najstarija-stranica<\/p><\/td><td><p>Na kraju sesije pregledavanja<\/p><\/td><\/tr><tr><td><p>woocommerce_recently_viewed (Koristi se za generiranje statistike o nedavno pregledanim artiklima u e-trgovini)<\/p><\/td><td><p>Na kraju sesije pregledavanja<\/p><\/td><\/tr><tr><td><p>woocommerce_items_in_cart<br \/>(sadr\u017ei jedinstveni kod za svakog korisnika, tako da se informacije o ko\u0161arici mogu dohvatiti iz baze podataka stvorene za svakog korisnika. U ovoj kola\u010dici se ne pohranjuju nikakvi osobni podaci)<\/p><\/td><td><p>Na kraju sesije pregledavanja<\/p><\/td><\/tr><tr><td><p>woocommerce_cart_hash (sadr\u017ei jedinstveni kod za svakog korisnika, \u0161to omogu\u0107uje dohva\u0107anje informacija o ko\u0161arici iz baze podataka stvorene za svakog korisnika. U ovoj se kola\u010dici ne pohranjuju osobni podaci)<\/p><\/td><td><p>Na kraju sesije pregledavanja<\/p><\/td><\/tr><tr><td><p>wp_woocommerce_session (sadr\u017ei informacije o cijeloj ko\u0161arici za kupovinu i poma\u017ee sustavu e-trgovine da otkrije kada se sadr\u017eaj ko\u0161arice promijeni. U ovoj se kola\u010dici ne pohranjuju osobni podaci)<\/p><\/td><td><p>Jednog dana<\/p><\/td><\/tr><tr><td><p>cookie_notice_accepted (sprje\u010dava ponovno pojavljivanje kratkih informacija sadr\u017eanih u baneru za veze uspostavljene unutar zadanog vremenskog okvira)<\/p><\/td><td><p>2 godine<\/p><\/td><\/tr><tr><td><p>cookieaccepted (sprje\u010dava ponovno pojavljivanje kratkih informacija sadr\u017eanih u baneru za veze uspostavljene unutar zadanog vremenskog ograni\u010denja)<\/p><\/td><td><p>2 godine<\/p><\/td><\/tr><\/tbody><\/table><p>Kola\u010di\u0107i tre\u0107ih strana<\/p><p>Neke ne-tehni\u010dke kola\u010di\u0107e tre\u0107ih strana instaliraju se putem web-stranice; aktiviraju se klikom na gumb \u201cOK\u201d u baneru koji se pojavi pri posjetu web-stranice ili nastavkom skrolanja.<\/p><p>Prikazani su detalji o svakoj kola\u010dici tre\u0107e strane, zajedno s poveznicama na kojima korisnici mogu prona\u0107i dodatne informacije i zatra\u017eiti onemogu\u0107avanje kola\u010dica.<\/p><p><em>Google Analytics<\/em><\/p><p>Ova web stranica koristi Google Analytics u analiti\u010dke svrhe.<\/p><p>Ovo je usluga web analitike koju pru\u017ea Google i koja koristi kola\u010di\u0107e, koji se pohranjuju na korisnikovom ra\u010dunalu kako bi se omogu\u0107ila statisti\u010dka analiza na\u010dina na koji se web stranica koristi; tako\u0111er treba napomenuti da, osim kola\u010di\u0107a, Google tako\u0111er koristi piksel oznaku (\u00a0<a href=\"http:\/\/www.google.it\/intl\/it\/policies\/privacy\/key-terms\/\">http:\/\/www.google.it\/intl\/it\/policies\/privacy\/key-terms\/<\/a>\u00a0).<\/p><p>Podaci koje generira Google Analytics pohranjuje Google kako je opisano u informacijama dostupnim ovdje.\u00a0\u00a0<a href=\"https:\/\/developers.google.com\/analytics\/devguides\/collection\/analyticsjs\/cookie-usage\">https:\/\/developers.google.com\/analytics\/devguides\/collection\/analyticsjs\/cookie-usage<\/a><\/p><p>Da biste pogledali Googleovu politiku privatnosti, posjetite web-stranicu.\u00a0\u00a0<a href=\"http:\/\/www.google.com\/intl\/en\/analytics\/privacyoverview.html\">http:\/\/www.google.com\/intl\/en\/analytics\/privacyoverview.html<\/a><\/p><p>Na sljede\u0107oj poveznici\u00a0\u00a0<a href=\"https:\/\/support.google.com\/analytics\/answer\/2763052?hl=it\">https:\/\/tools.google.com\/dlpage\/gaoptout?hl=it\u00a0<\/a>\u00a0Postoji dodatak za preglednik za onemogu\u0107avanje Google Analyticsa.<\/p><p><em>Google usluge remarketinga<\/em><\/p><p>Stranica koristi usluge remarketinga koje pru\u017ea Google Inc., a koje uklju\u010duju upotrebu kola\u010di\u0107a i piksela za prikazivanje oglasa relevantnijih korisnikovim interesima. Ove alate vlasnik stranice koristi u svrhu remarketinga.<\/p><p>Da biste pogledali Googleovu politiku privatnosti i isklju\u010dili se, molimo posjetite sljede\u0107e poveznice:\u00a0\u00a0<a href=\"http:\/\/www.google.com\/intl\/it_it\/policies\/technologies\/ads\/-\">http:\/\/www.google.com\/intl\/it_it\/policies\/technologies\/ads\/-\u00a0<\/a>\u00a0<a href=\"https:\/\/www.google.it\/ads\/preferences\">Preferencije https:\/\/www.google.it\/ads\/a<\/a>\u00a0\u00a0\u2013<\/p><p><em>Facebook remarketing<\/em><\/p><p>Web-stranica koristi Facebook remarketing za remarketing aktivnosti.<\/p><p>Ovo je usluga koju pru\u017ea Facebook Inc., a koja uklju\u010duje upotrebu kola\u010di\u0107a i piksela za isporuku oglasa relevantnijih korisnikovim interesima. Ove alate vlasnik web-stranice koristi u svrhu remarketinga.<\/p><p>Za daljnje informacije, uklju\u010duju\u0107i i o tome kako onemogu\u0107iti ove kola\u010di\u0107e, preporu\u010dujemo posjet sljede\u0107em povezniku.\u00a0<a href=\"https:\/\/www.facebook.com\/help\/cookies\">\u00a0https:\/\/www.facebook.com\/help\/cookies<\/a><\/p><p>Kori\u0161tenje kola\u010di\u0107a<\/p><p>Osim tehni\u010dkih kola\u010di\u0107a, instalacija ostalih kola\u010di\u0107a i sli\u010dnih alata prepu\u0161tena je korisnikovoj procjeni; nakon \u0161to pro\u010dita kratke informacije u odgovaraju\u0107em baneru, korisnik mo\u017ee odabrati da odobri njihovu instalaciju klikom na gumb \u201cOK\u201d ili nastavkom skrolanja.<\/p><p>Onemogu\u0107avanje kola\u010di\u0107a<\/p><p>Bez utjecaja na gore navedene informacije o tehni\u010dkim kola\u010di\u0107ima potrebnim za pregledavanje, korisnici mogu izbrisati ostale kola\u010di\u0107e koriste\u0107i opcije opisane u ovom obavje\u0161tenju, u odjeljku s popisom kori\u0161tenih kola\u010di\u0107a ili izravno putem svog preglednika.<\/p><p>Imajte na umu da svaki preglednik ima razli\u010dite postupke za upravljanje postavkama. Specifi\u010dna uputstva mo\u017eete prona\u0107i putem donjih poveznica.<\/p><p><a href=\"http:\/\/windows.microsoft.com\/it-it\/windows7\/block-enable-or-allow-cookies\">Microsoft Windows istra\u017eiva\u010d<\/a><\/p><p><a href=\"https:\/\/support.google.com\/chrome\/bin\/answer.py?hl=it&amp;answer=95647&amp;p=cpn_cook\">Google Chrome<\/a><\/p><p><a href=\"http:\/\/support.mozilla.org\/it-IT\/kb\/Enabling\">Mozilla Firefox<\/a><\/p><p><a href=\"http:\/\/support.apple.com\/kb\/PH17191?viewlocale=it_IT&amp;locale=it_IT\">Apple Safari<\/a><\/p><p>Korisnici koji pristupaju stranici putem mobilnih ure\u0111aja, molimo vas da imate na umu da se postavke potrebne za sprje\u010davanje pohrane kola\u010di\u0107a ili njihovo brisanje razlikuju ovisno o marki i\/ili modelu ure\u0111aja; stoga biste trebali provjeriti upute proizvo\u0111a\u010da. .<\/p><p>Za informacije o kola\u010di\u0107ima pohranjenima na va\u0161em ure\u0111aju i njihovo pojedina\u010dno onemogu\u0107avanje, kliknite na poveznicu:\u00a0\u00a0<a href=\"http:\/\/www.youronlinechoices.com\/it\/le-tue-scelte\">http:\/\/www.youronlinechoices.com\/it\/le-tue-scelte<\/a>\u00a0.<\/p><p>Prava ispitanika<\/p><p>Subjekt podataka mo\u017ee u bilo kojem trenutku, bez formalnosti, ostvariti prava navedena u \u010dlanku 7. Zakonske uredbe br. 196 od 30. lipnja 2003. obra\u0107anjem voditelju obrade, uklju\u010duju\u0107i slanje e-po\u0161te na contact@curiosax.com. Tekst \u010dlanka 7. u cijelosti je naveden u nastavku.<\/p><p>\u010clanak 7 Zakonske uredbe 196\/2003<\/p><ol><li>Subjekt podataka ima pravo dobiti potvrdu o tome obra\u0111uju li se osobni podaci koji se na njega ili nju odnose, \u010dak i ako jo\u0161 nisu zabilje\u017eeni, te da mu se ti podaci priop\u0107e na razumljiv na\u010din.<\/li><li>Subjekt podataka ima pravo dobiti informacije o:<\/li><li>(a) izvor osobnih podataka;<\/li><li>(b) svrhe i metode obrade;<\/li><li>(c) logika primijenjena u slu\u010daju obrade koja se provodi automatiziranim sredstvima;<\/li><li>(d) identifikacijski podaci vlasnika, upravitelja i predstavnika imenovanih u skladu s \u010dlankom 5. stavkom 2.;<\/li><li>(e) ispitanici ili kategorije ispitanika kojima se osobni podaci mogu otkriti ili koji o njima mogu saznati u svojstvu imenovanih predstavnika unutar teritorija Dr\u017eave, upravitelja ili agenata.<\/li><li>Subjekt podataka ima pravo dobiti:<\/li><li>(a) a\u017euriranje, ispravak ili, gdje je primjenjivo, dopuna podataka;<\/li><li>(b) brisanje, anonimizacija ili blokiranje podataka obra\u0111enih s kr\u0161enjem zakona, uklju\u010duju\u0107i podatke koje vi\u0161e nije potrebno \u010duvati u svrhe za koje su prikupljeni ili naknadno obra\u0111eni;<\/li><li>(c) potvrda da su operacije obrade navedene u to\u010dkama (a) i (b) stavljene u znanje, uklju\u010duju\u0107i i njihov sadr\u017eaj, onima kojima su podaci otkriveni ili kojima su dostupni, osim ako se to poka\u017ee nemogu\u0107im ili zahtijeva o\u010ditom nerazmjerno napor u odnosu na pravo koje se \u0161titi.<\/li><li>Subjekt podataka ima pravo ulo\u017eiti prigovor, u cijelosti ili djelomi\u010dno:<\/li><li>(a) iz opravdanih razloga, na obradu osobnih podataka koji se na njega odnose, \u010dak i ako su takvi podaci relevantni za svrhu za koju su prikupljeni;<\/li><li>(b) obradi osobnih podataka koji se na njega odnose u svrhu slanja reklamnih ili marketin\u0161kih materijala, ili za provo\u0111enje istra\u017eivanja tr\u017ei\u0161ta ili komercijalnih komunikacija.<\/li><\/ol><p>Dodatne informacije o obradi osobnih podataka dostupne su na stranici o politici privatnosti.<\/p><\/div><p>\u00a0<\/p><p>CHILIS LAB SL \u2013 Calle de Parcerisa, 13, 08014 Barcelona, \u0160panjolska<\/p><\/div><\/div><\/div><\/div><\/section>\t\t\t\t\t\t\t\t<\/div>\n\t\t\t\t\t<\/div>\n\t\t\t\t<\/div>\n\t\t<div class=\"elementor-element elementor-element-3ecdf34 e-con-full e-flex e-con e-parent\" data-id=\"3ecdf34\" data-element_type=\"container\" data-e-type=\"container\" data-settings=\"{&quot;background_background&quot;:&quot;classic&quot;}\">\n\t\t<div class=\"elementor-element elementor-element-53018e1 e-con-full e-flex e-con e-child\" data-id=\"53018e1\" data-element_type=\"container\" data-e-type=\"container\" data-settings=\"{&quot;background_background&quot;:&quot;classic&quot;}\">\n\t\t<div class=\"elementor-element elementor-element-a6da15d e-con-full e-flex e-con e-child\" data-id=\"a6da15d\" data-element_type=\"container\" data-e-type=\"container\" data-settings=\"{&quot;background_background&quot;:&quot;classic&quot;}\">\n\t\t<div class=\"elementor-element elementor-element-6a43446 e-flex e-con-boxed e-con e-child\" data-id=\"6a43446\" data-element_type=\"container\" data-e-type=\"container\">\n\t\t\t\t\t<div class=\"e-con-inner\">\n\t\t<div class=\"elementor-element elementor-element-3550a72 e-flex e-con-boxed e-con e-child\" data-id=\"3550a72\" data-element_type=\"container\" data-e-type=\"container\">\n\t\t\t\t\t<div class=\"e-con-inner\">\n\t\t\t\t<div class=\"elementor-element elementor-element-8cd9278 elementor-widget elementor-widget-image\" data-id=\"8cd9278\" data-element_type=\"widget\" data-e-type=\"widget\" data-widget_type=\"image.default\">\n\t\t\t\t\t\t\t\t\t\t\t\t\t\t\t<img fetchpriority=\"high\" decoding=\"async\" width=\"700\" height=\"150\" src=\"https:\/\/curiosax.com\/wp-content\/uploads\/2026\/01\/Loghi-Siti.png\" class=\"attachment-full size-full wp-image-150\" alt=\"\" srcset=\"https:\/\/curiosax.com\/wp-content\/uploads\/2026\/01\/Loghi-Siti.png 700w, https:\/\/curiosax.com\/wp-content\/uploads\/2026\/01\/Loghi-Siti-300x64.png 300w, https:\/\/curiosax.com\/wp-content\/uploads\/2026\/01\/Loghi-Siti-18x4.png 18w\" sizes=\"(max-width: 700px) 100vw, 700px\" \/>\t\t\t\t\t\t\t\t\t\t\t\t\t\t\t<\/div>\n\t\t\t\t<div class=\"elementor-element elementor-element-c3e986d elementor-widget elementor-widget-heading\" data-id=\"c3e986d\" data-element_type=\"widget\" data-e-type=\"widget\" data-widget_type=\"heading.default\">\n\t\t\t\t\t<h2 class=\"elementor-heading-title elementor-size-default\">Nudimo pouzdanu i prakti\u010dnu platformu za e-trgovinu koja povezuje ljude s proizvodima koji im pobolj\u0161avaju svakodnevni \u017eivot.<\/h2>\t\t\t\t<\/div>\n\t\t\t\t<div class=\"elementor-element elementor-element-3501d01 elementor-icon-list--layout-traditional elementor-list-item-link-full_width elementor-widget elementor-widget-icon-list\" data-id=\"3501d01\" data-element_type=\"widget\" data-e-type=\"widget\" data-widget_type=\"icon-list.default\">\n\t\t\t\t\t\t\t<ul class=\"elementor-icon-list-items\">\n\t\t\t\t\t\t\t<li class=\"elementor-icon-list-item\">\n\t\t\t\t\t\t\t\t\t\t\t<span class=\"elementor-icon-list-icon\">\n\t\t\t\t\t\t\t<svg aria-hidden=\"true\" class=\"e-font-icon-svg e-fas-envelope\" viewbox=\"0 0 512 512\" xmlns=\"http:\/\/www.w3.org\/2000\/svg\"><path d=\"M502.3 190.8c3.9-3.1 9.7-.2 9.7 4.7V400c0 26.5-21.5 48-48 48H48c-26.5 0-48-21.5-48-48V195.6c0-5 5.7-7.8 9.7-4.7 22.4 17.4 52.1 39.5 154.1 113.6 21.1 15.4 56.7 47.8 92.2 47.6 35.7.3 72-32.8 92.3-47.6 102-74.1 131.6-96.3 154-113.7zM256 320c23.2.4 56.6-29.2 73.4-41.4 132.7-96.3 142.8-104.7 173.4-128.7 5.8-4.5 9.2-11.5 9.2-18.9v-19c0-26.5-21.5-48-48-48H48C21.5 64 0 85.5 0 112v19c0 7.4 3.4 14.3 9.2 18.9 30.6 23.9 40.7 32.4 173.4 128.7 16.8 12.2 50.2 41.8 73.4 41.4z\"><\/path><\/svg>\t\t\t\t\t\t<\/span>\n\t\t\t\t\t\t\t\t\t\t<span class=\"elementor-icon-list-text\">info@curiosax.com<\/span>\n\t\t\t\t\t\t\t\t\t<\/li>\n\t\t\t\t\t\t<\/ul>\n\t\t\t\t\t\t<\/div>\n\t\t\t\t<div class=\"elementor-element elementor-element-7731be5 elementor-widget elementor-widget-heading\" data-id=\"7731be5\" data-element_type=\"widget\" data-e-type=\"widget\" data-widget_type=\"heading.default\">\n\t\t\t\t\t<h2 class=\"elementor-heading-title elementor-size-default\">\u00a9 2025 curiosax.com \u2013 Sva prava pridr\u017eana. <br> CHILIS LAB SL - Calle de Parcerisa, 13, 08014 Barcelona, \u0160panjolska <br><\/h2>\t\t\t\t<\/div>\n\t\t\t\t\t<\/div>\n\t\t\t\t<\/div>\n\t\t<div class=\"elementor-element elementor-element-7f0ab24 e-flex e-con-boxed e-con e-child\" data-id=\"7f0ab24\" data-element_type=\"container\" data-e-type=\"container\">\n\t\t\t\t\t<div class=\"e-con-inner\">\n\t\t\t\t<div class=\"elementor-element elementor-element-f739c81 elementor-widget elementor-widget-heading\" data-id=\"f739c81\" data-element_type=\"widget\" data-e-type=\"widget\" data-widget_type=\"heading.default\">\n\t\t\t\t\t<h2 class=\"elementor-heading-title elementor-size-default\">KORISNI LINKOVI<\/h2>\t\t\t\t<\/div>\n\t\t\t\t<div class=\"elementor-element elementor-element-9161fc3 elementor-icon-list--layout-traditional elementor-list-item-link-full_width elementor-widget elementor-widget-icon-list\" data-id=\"9161fc3\" data-element_type=\"widget\" data-e-type=\"widget\" data-widget_type=\"icon-list.default\">\n\t\t\t\t\t\t\t<ul class=\"elementor-icon-list-items\">\n\t\t\t\t\t\t\t<li class=\"elementor-icon-list-item\">\n\t\t\t\t\t\t\t\t\t\t\t<a href=\"https:\/\/curiosax.com\/hr\/privacy-policy\/\" target=\"_blank\">\n\n\t\t\t\t\t\t\t\t\t\t\t<span class=\"elementor-icon-list-text\">Pravila o privatnosti<\/span>\n\t\t\t\t\t\t\t\t\t\t\t<\/a>\n\t\t\t\t\t\t\t\t\t<\/li>\n\t\t\t\t\t\t\t\t<li class=\"elementor-icon-list-item\">\n\t\t\t\t\t\t\t\t\t\t\t<a href=\"https:\/\/curiosax.com\/hr\/terms-and-conditions\/\" target=\"_blank\">\n\n\t\t\t\t\t\t\t\t\t\t\t<span class=\"elementor-icon-list-text\">Uvjeti i odredbe<\/span>\n\t\t\t\t\t\t\t\t\t\t\t<\/a>\n\t\t\t\t\t\t\t\t\t<\/li>\n\t\t\t\t\t\t\t\t<li class=\"elementor-icon-list-item\">\n\t\t\t\t\t\t\t\t\t\t\t<a href=\"https:\/\/curiosax.com\/hr\/cookie-policy\/\" target=\"_blank\">\n\n\t\t\t\t\t\t\t\t\t\t\t<span class=\"elementor-icon-list-text\">Pravila o kola\u010di\u0107ima<\/span>\n\t\t\t\t\t\t\t\t\t\t\t<\/a>\n\t\t\t\t\t\t\t\t\t<\/li>\n\t\t\t\t\t\t<\/ul>\n\t\t\t\t\t\t<\/div>\n\t\t\t\t\t<\/div>\n\t\t\t\t<\/div>\n\t\t<div class=\"elementor-element elementor-element-68a5c6a e-flex e-con-boxed e-con e-child\" data-id=\"68a5c6a\" data-element_type=\"container\" data-e-type=\"container\">\n\t\t\t\t\t<div class=\"e-con-inner\">\n\t\t\t\t<div class=\"elementor-element elementor-element-94c1fa8 elementor-widget elementor-widget-heading\" data-id=\"94c1fa8\" data-element_type=\"widget\" data-e-type=\"widget\" data-widget_type=\"heading.default\">\n\t\t\t\t\t<h2 class=\"elementor-heading-title elementor-size-default\">Dostava<\/h2>\t\t\t\t<\/div>\n\t\t\t\t<div class=\"elementor-element elementor-element-b107f90 elementor-icon-list--layout-traditional elementor-list-item-link-full_width elementor-widget elementor-widget-icon-list\" data-id=\"b107f90\" data-element_type=\"widget\" data-e-type=\"widget\" data-widget_type=\"icon-list.default\">\n\t\t\t\t\t\t\t<ul class=\"elementor-icon-list-items\">\n\t\t\t\t\t\t\t<li class=\"elementor-icon-list-item\">\n\t\t\t\t\t\t\t\t\t\t\t<a href=\"https:\/\/curiosax.com\/hr\/shipping-policy\/\" target=\"_blank\">\n\n\t\t\t\t\t\t\t\t\t\t\t<span class=\"elementor-icon-list-text\">Pravila dostave<\/span>\n\t\t\t\t\t\t\t\t\t\t\t<\/a>\n\t\t\t\t\t\t\t\t\t<\/li>\n\t\t\t\t\t\t\t\t<li class=\"elementor-icon-list-item\">\n\t\t\t\t\t\t\t\t\t\t\t<a href=\"https:\/\/curiosax.com\/hr\/refund-policy\/\" target=\"_blank\">\n\n\t\t\t\t\t\t\t\t\t\t\t<span class=\"elementor-icon-list-text\">Pravila o povratu<\/span>\n\t\t\t\t\t\t\t\t\t\t\t<\/a>\n\t\t\t\t\t\t\t\t\t<\/li>\n\t\t\t\t\t\t<\/ul>\n\t\t\t\t\t\t<\/div>\n\t\t\t\t\t<\/div>\n\t\t\t\t<\/div>\n\t\t\t\t\t<\/div>\n\t\t\t\t<\/div>\n\t\t\t\t<\/div>\n\t\t\t\t<\/div>\n\t\t\t\t<\/div>\n\t\t\t\t<\/div>","protected":false},"excerpt":{"rendered":"<p>Cookie Policy Browsing the curiosax.com website (hereinafter also referred to as the &#8220;website&#8221;) involves the sending of cookies and similar tools to the user&#8217;s terminal. Therefore, as prescribed by the articles. 13 and 122 of Legislative Decree 196\/2003 (&#8220;privacy code&#8221;), as well as in accordance with the provisions of the General Provision of the Privacy [&hellip;]<\/p>","protected":false},"author":2,"featured_media":0,"parent":0,"menu_order":0,"comment_status":"closed","ping_status":"closed","template":"elementor_canvas","meta":{"footnotes":""},"class_list":["post-89","page","type-page","status-publish","hentry"],"_hostinger_reach_plugin_has_subscription_block":false,"_hostinger_reach_plugin_is_elementor":false,"_links":{"self":[{"href":"https:\/\/curiosax.com\/hr\/wp-json\/wp\/v2\/pages\/89","targetHints":{"allow":["GET"]}}],"collection":[{"href":"https:\/\/curiosax.com\/hr\/wp-json\/wp\/v2\/pages"}],"about":[{"href":"https:\/\/curiosax.com\/hr\/wp-json\/wp\/v2\/types\/page"}],"author":[{"embeddable":true,"href":"https:\/\/curiosax.com\/hr\/wp-json\/wp\/v2\/users\/2"}],"replies":[{"embeddable":true,"href":"https:\/\/curiosax.com\/hr\/wp-json\/wp\/v2\/comments?post=89"}],"version-history":[{"count":7,"href":"https:\/\/curiosax.com\/hr\/wp-json\/wp\/v2\/pages\/89\/revisions"}],"predecessor-version":[{"id":186,"href":"https:\/\/curiosax.com\/hr\/wp-json\/wp\/v2\/pages\/89\/revisions\/186"}],"wp:attachment":[{"href":"https:\/\/curiosax.com\/hr\/wp-json\/wp\/v2\/media?parent=89"}],"curies":[{"name":"wp","href":"https:\/\/api.w.org\/{rel}","templated":true}]}}