{"id":73,"date":"2026-01-14T09:04:11","date_gmt":"2026-01-14T09:04:11","guid":{"rendered":"https:\/\/curiosax.com\/shipping-policy\/"},"modified":"2026-01-22T17:29:48","modified_gmt":"2026-01-22T17:29:48","slug":"shipping-policy","status":"publish","type":"page","link":"https:\/\/curiosax.com\/hr\/shipping-policy\/","title":{"rendered":"Pravila dostave"},"content":{"rendered":"<div data-elementor-type=\"wp-page\" data-elementor-id=\"73\" class=\"elementor elementor-73\" data-elementor-post-type=\"page\">\n\t\t\t\t<div class=\"elementor-element elementor-element-6887d398 e-flex e-con-boxed e-con e-parent\" data-id=\"6887d398\" data-element_type=\"container\" data-e-type=\"container\" data-settings=\"{&quot;background_background&quot;:&quot;classic&quot;}\">\n\t\t\t\t\t<div class=\"e-con-inner\">\n\t\t\t\t<div class=\"elementor-element elementor-element-3533f55b elementor-widget elementor-widget-heading\" data-id=\"3533f55b\" data-element_type=\"widget\" data-e-type=\"widget\" data-widget_type=\"heading.default\">\n\t\t\t\t\t<h2 class=\"elementor-heading-title elementor-size-default\">Pravila dostave<\/h2>\t\t\t\t<\/div>\n\t\t\t\t\t<\/div>\n\t\t\t\t<\/div>\n\t\t<div class=\"elementor-element elementor-element-6408aa61 e-flex e-con-boxed e-con e-parent\" data-id=\"6408aa61\" data-element_type=\"container\" data-e-type=\"container\">\n\t\t\t\t\t<div class=\"e-con-inner\">\n\t\t\t\t<div class=\"elementor-element elementor-element-3ae800a8 elementor-widget elementor-widget-text-editor\" data-id=\"3ae800a8\" data-element_type=\"widget\" data-e-type=\"widget\" data-widget_type=\"text-editor.default\">\n\t\t\t\t\t\t\t\t\t<p><strong>Informacije o dostavi<\/strong><\/p><p><strong>Proizvodi se isporu\u010duju diljem Italije i u inozemstvu.<\/strong><br \/>Va\u0161a se narud\u017eba mo\u017ee poslati na adresu po va\u0161em izboru (ku\u0107u, posao itd. \u2013 ne po\u0161tanski pretinac). Ve\u0107inu artikala obi\u010dno \u0161aljemo u roku od 24 sata, a odre\u0111ene artikle otprilike u roku od 72 sata. Vrijeme isporuke jasno je navedeno prilikom kupnje. Isporuka obi\u010dno traje 2\u20133 radna dana.<\/p><p><strong>Tro\u0161kovi dostave<\/strong><br \/>Kao i obi\u010dno, dostave uklju\u010duju ekspresnu dostavu, tro\u0161kove prijevoza, pra\u0107enje i potpis prilikom dostave kako bi se osiguralo da roba stigne u dobrom stanju.<\/p><p>Nudimo besplatnu dostavu za odabrane proizvode, a za ostale kategorije proizvoda napla\u0107ujemo dostavu. Nakon \u0161to po\u0161aljete narud\u017ebu, kontaktirat \u0107emo vas kako bismo vas obavijestili o tro\u0161ku dostave.<\/p><h5><b>Povrat<\/b><\/h5><p>Da biste vratili svoj proizvod, morate ga poslati na: {physical address}.<\/p><p>Vi snosite tro\u0161kove dostave za povrat va\u0161eg artikla. Tro\u0161kovi dostave su nepovratni. Ako dobijete povrat novca, tro\u0161ak povratne dostave bit \u0107e odbijen od va\u0161eg povrata novca.<\/p><p>Ovisno o tome gdje \u017eivite, vrijeme potrebno da zamjenski artikl stigne do vas mo\u017ee varirati.<\/p><p>Ako vra\u0107ate skuplje artikle, mo\u017eda biste trebali razmisliti o kori\u0161tenju usluge pra\u0107enja dostave ili o ugovaranju osiguranja dostave. Ne mo\u017eemo jam\u010diti da \u0107emo zaprimiti vra\u0107eni artikl.<\/p><p>\u00a0<\/p><p>CHILIS LAB SL \u2013 Calle de Parcerisa, 13, 08014 Barcelona, \u0160panjolska<\/p>\t\t\t\t\t\t\t\t<\/div>\n\t\t\t\t\t<\/div>\n\t\t\t\t<\/div>\n\t\t<div class=\"elementor-element elementor-element-581b40b e-con-full e-flex e-con e-parent\" data-id=\"581b40b\" data-element_type=\"container\" data-e-type=\"container\" data-settings=\"{&quot;background_background&quot;:&quot;classic&quot;}\">\n\t\t<div class=\"elementor-element elementor-element-bd658ee e-con-full e-flex e-con e-child\" data-id=\"bd658ee\" data-element_type=\"container\" data-e-type=\"container\" data-settings=\"{&quot;background_background&quot;:&quot;classic&quot;}\">\n\t\t<div class=\"elementor-element elementor-element-c81a4ec e-con-full e-flex e-con e-child\" data-id=\"c81a4ec\" data-element_type=\"container\" data-e-type=\"container\" data-settings=\"{&quot;background_background&quot;:&quot;classic&quot;}\">\n\t\t<div class=\"elementor-element elementor-element-7ecd471 e-con-full e-flex e-con e-child\" data-id=\"7ecd471\" data-element_type=\"container\" data-e-type=\"container\" data-settings=\"{&quot;background_background&quot;:&quot;classic&quot;}\">\n\t\t<div class=\"elementor-element elementor-element-5fd8c0b e-flex e-con-boxed e-con e-child\" data-id=\"5fd8c0b\" data-element_type=\"container\" data-e-type=\"container\">\n\t\t\t\t\t<div class=\"e-con-inner\">\n\t\t<div class=\"elementor-element elementor-element-af73146 e-flex e-con-boxed e-con e-child\" data-id=\"af73146\" data-element_type=\"container\" data-e-type=\"container\">\n\t\t\t\t\t<div class=\"e-con-inner\">\n\t\t\t\t<div class=\"elementor-element elementor-element-8ee4208 elementor-widget elementor-widget-image\" data-id=\"8ee4208\" data-element_type=\"widget\" data-e-type=\"widget\" data-widget_type=\"image.default\">\n\t\t\t\t\t\t\t\t\t\t\t\t\t\t\t<img fetchpriority=\"high\" decoding=\"async\" width=\"700\" height=\"150\" src=\"https:\/\/curiosax.com\/wp-content\/uploads\/2026\/01\/Loghi-Siti.png\" class=\"attachment-full size-full wp-image-150\" alt=\"\" srcset=\"https:\/\/curiosax.com\/wp-content\/uploads\/2026\/01\/Loghi-Siti.png 700w, https:\/\/curiosax.com\/wp-content\/uploads\/2026\/01\/Loghi-Siti-300x64.png 300w, https:\/\/curiosax.com\/wp-content\/uploads\/2026\/01\/Loghi-Siti-18x4.png 18w\" sizes=\"(max-width: 700px) 100vw, 700px\" \/>\t\t\t\t\t\t\t\t\t\t\t\t\t\t\t<\/div>\n\t\t\t\t<div class=\"elementor-element elementor-element-a2e00c6 elementor-widget elementor-widget-heading\" data-id=\"a2e00c6\" data-element_type=\"widget\" data-e-type=\"widget\" data-widget_type=\"heading.default\">\n\t\t\t\t\t<h2 class=\"elementor-heading-title elementor-size-default\">Nudimo pouzdanu i prakti\u010dnu platformu za e-trgovinu koja povezuje ljude s proizvodima koji im pobolj\u0161avaju svakodnevni \u017eivot.<\/h2>\t\t\t\t<\/div>\n\t\t\t\t<div class=\"elementor-element elementor-element-21ff18e elementor-icon-list--layout-traditional elementor-list-item-link-full_width elementor-widget elementor-widget-icon-list\" data-id=\"21ff18e\" data-element_type=\"widget\" data-e-type=\"widget\" data-widget_type=\"icon-list.default\">\n\t\t\t\t\t\t\t<ul class=\"elementor-icon-list-items\">\n\t\t\t\t\t\t\t<li class=\"elementor-icon-list-item\">\n\t\t\t\t\t\t\t\t\t\t\t<span class=\"elementor-icon-list-icon\">\n\t\t\t\t\t\t\t<svg aria-hidden=\"true\" class=\"e-font-icon-svg e-fas-envelope\" viewbox=\"0 0 512 512\" xmlns=\"http:\/\/www.w3.org\/2000\/svg\"><path d=\"M502.3 190.8c3.9-3.1 9.7-.2 9.7 4.7V400c0 26.5-21.5 48-48 48H48c-26.5 0-48-21.5-48-48V195.6c0-5 5.7-7.8 9.7-4.7 22.4 17.4 52.1 39.5 154.1 113.6 21.1 15.4 56.7 47.8 92.2 47.6 35.7.3 72-32.8 92.3-47.6 102-74.1 131.6-96.3 154-113.7zM256 320c23.2.4 56.6-29.2 73.4-41.4 132.7-96.3 142.8-104.7 173.4-128.7 5.8-4.5 9.2-11.5 9.2-18.9v-19c0-26.5-21.5-48-48-48H48C21.5 64 0 85.5 0 112v19c0 7.4 3.4 14.3 9.2 18.9 30.6 23.9 40.7 32.4 173.4 128.7 16.8 12.2 50.2 41.8 73.4 41.4z\"><\/path><\/svg>\t\t\t\t\t\t<\/span>\n\t\t\t\t\t\t\t\t\t\t<span class=\"elementor-icon-list-text\">info@curiosax.com<\/span>\n\t\t\t\t\t\t\t\t\t<\/li>\n\t\t\t\t\t\t<\/ul>\n\t\t\t\t\t\t<\/div>\n\t\t\t\t<div class=\"elementor-element elementor-element-f3ab3ee elementor-widget elementor-widget-heading\" data-id=\"f3ab3ee\" data-element_type=\"widget\" data-e-type=\"widget\" data-widget_type=\"heading.default\">\n\t\t\t\t\t<h2 class=\"elementor-heading-title elementor-size-default\">\u00a9 2025 curiosax.com \u2013 Sva prava pridr\u017eana. <br> CHILIS LAB SL - Calle de Parcerisa, 13, 08014 Barcelona, \u0160panjolska <br><\/h2>\t\t\t\t<\/div>\n\t\t\t\t\t<\/div>\n\t\t\t\t<\/div>\n\t\t<div class=\"elementor-element elementor-element-670b6aa e-flex e-con-boxed e-con e-child\" data-id=\"670b6aa\" data-element_type=\"container\" data-e-type=\"container\">\n\t\t\t\t\t<div class=\"e-con-inner\">\n\t\t\t\t<div class=\"elementor-element elementor-element-eddacef elementor-widget elementor-widget-heading\" data-id=\"eddacef\" data-element_type=\"widget\" data-e-type=\"widget\" data-widget_type=\"heading.default\">\n\t\t\t\t\t<h2 class=\"elementor-heading-title elementor-size-default\">KORISNI LINKOVI<\/h2>\t\t\t\t<\/div>\n\t\t\t\t<div class=\"elementor-element elementor-element-be67759 elementor-icon-list--layout-traditional elementor-list-item-link-full_width elementor-widget elementor-widget-icon-list\" data-id=\"be67759\" data-element_type=\"widget\" data-e-type=\"widget\" data-widget_type=\"icon-list.default\">\n\t\t\t\t\t\t\t<ul class=\"elementor-icon-list-items\">\n\t\t\t\t\t\t\t<li class=\"elementor-icon-list-item\">\n\t\t\t\t\t\t\t\t\t\t\t<a href=\"https:\/\/curiosax.com\/hr\/privacy-policy\/\" target=\"_blank\">\n\n\t\t\t\t\t\t\t\t\t\t\t<span class=\"elementor-icon-list-text\">Pravila o privatnosti<\/span>\n\t\t\t\t\t\t\t\t\t\t\t<\/a>\n\t\t\t\t\t\t\t\t\t<\/li>\n\t\t\t\t\t\t\t\t<li class=\"elementor-icon-list-item\">\n\t\t\t\t\t\t\t\t\t\t\t<a href=\"https:\/\/curiosax.com\/hr\/terms-and-conditions\/\" target=\"_blank\">\n\n\t\t\t\t\t\t\t\t\t\t\t<span class=\"elementor-icon-list-text\">Uvjeti i odredbe<\/span>\n\t\t\t\t\t\t\t\t\t\t\t<\/a>\n\t\t\t\t\t\t\t\t\t<\/li>\n\t\t\t\t\t\t\t\t<li class=\"elementor-icon-list-item\">\n\t\t\t\t\t\t\t\t\t\t\t<a href=\"https:\/\/curiosax.com\/hr\/cookie-policy\/\" target=\"_blank\">\n\n\t\t\t\t\t\t\t\t\t\t\t<span class=\"elementor-icon-list-text\">Pravila o kola\u010di\u0107ima<\/span>\n\t\t\t\t\t\t\t\t\t\t\t<\/a>\n\t\t\t\t\t\t\t\t\t<\/li>\n\t\t\t\t\t\t<\/ul>\n\t\t\t\t\t\t<\/div>\n\t\t\t\t\t<\/div>\n\t\t\t\t<\/div>\n\t\t<div class=\"elementor-element elementor-element-4ad5270 e-flex e-con-boxed e-con e-child\" data-id=\"4ad5270\" data-element_type=\"container\" data-e-type=\"container\">\n\t\t\t\t\t<div class=\"e-con-inner\">\n\t\t\t\t<div class=\"elementor-element elementor-element-0e47fef elementor-widget elementor-widget-heading\" data-id=\"0e47fef\" data-element_type=\"widget\" data-e-type=\"widget\" data-widget_type=\"heading.default\">\n\t\t\t\t\t<h2 class=\"elementor-heading-title elementor-size-default\">Dostava<\/h2>\t\t\t\t<\/div>\n\t\t\t\t<div class=\"elementor-element elementor-element-fd87b37 elementor-icon-list--layout-traditional elementor-list-item-link-full_width elementor-widget elementor-widget-icon-list\" data-id=\"fd87b37\" data-element_type=\"widget\" data-e-type=\"widget\" data-widget_type=\"icon-list.default\">\n\t\t\t\t\t\t\t<ul class=\"elementor-icon-list-items\">\n\t\t\t\t\t\t\t<li class=\"elementor-icon-list-item\">\n\t\t\t\t\t\t\t\t\t\t\t<a href=\"https:\/\/curiosax.com\/hr\/shipping-policy\/\" target=\"_blank\">\n\n\t\t\t\t\t\t\t\t\t\t\t<span class=\"elementor-icon-list-text\">Pravila dostave<\/span>\n\t\t\t\t\t\t\t\t\t\t\t<\/a>\n\t\t\t\t\t\t\t\t\t<\/li>\n\t\t\t\t\t\t\t\t<li class=\"elementor-icon-list-item\">\n\t\t\t\t\t\t\t\t\t\t\t<a href=\"https:\/\/curiosax.com\/hr\/refund-policy\/\" target=\"_blank\">\n\n\t\t\t\t\t\t\t\t\t\t\t<span class=\"elementor-icon-list-text\">Pravila o povratu<\/span>\n\t\t\t\t\t\t\t\t\t\t\t<\/a>\n\t\t\t\t\t\t\t\t\t<\/li>\n\t\t\t\t\t\t<\/ul>\n\t\t\t\t\t\t<\/div>\n\t\t\t\t\t<\/div>\n\t\t\t\t<\/div>\n\t\t\t\t\t<\/div>\n\t\t\t\t<\/div>\n\t\t\t\t<\/div>\n\t\t\t\t<\/div>\n\t\t\t\t<\/div>\n\t\t\t\t<\/div>\n\t\t\t\t<\/div>","protected":false},"excerpt":{"rendered":"<p>Shipping Policy SHIPPING INFORMATION The products are delivered throughout Italy but also abroad.Your order can be sent to an address of your choice (home, work, etc. \u2013 not a post office box).\u00a0We typically ship within 24 hours for most items and approximately 72 hours for specific items.\u00a0Shipping times are clearly advertised at the time of [&hellip;]<\/p>","protected":false},"author":2,"featured_media":0,"parent":0,"menu_order":0,"comment_status":"closed","ping_status":"closed","template":"elementor_canvas","meta":{"footnotes":""},"class_list":["post-73","page","type-page","status-publish","hentry"],"_hostinger_reach_plugin_has_subscription_block":false,"_hostinger_reach_plugin_is_elementor":false,"_links":{"self":[{"href":"https:\/\/curiosax.com\/hr\/wp-json\/wp\/v2\/pages\/73","targetHints":{"allow":["GET"]}}],"collection":[{"href":"https:\/\/curiosax.com\/hr\/wp-json\/wp\/v2\/pages"}],"about":[{"href":"https:\/\/curiosax.com\/hr\/wp-json\/wp\/v2\/types\/page"}],"author":[{"embeddable":true,"href":"https:\/\/curiosax.com\/hr\/wp-json\/wp\/v2\/users\/2"}],"replies":[{"embeddable":true,"href":"https:\/\/curiosax.com\/hr\/wp-json\/wp\/v2\/comments?post=73"}],"version-history":[{"count":7,"href":"https:\/\/curiosax.com\/hr\/wp-json\/wp\/v2\/pages\/73\/revisions"}],"predecessor-version":[{"id":195,"href":"https:\/\/curiosax.com\/hr\/wp-json\/wp\/v2\/pages\/73\/revisions\/195"}],"wp:attachment":[{"href":"https:\/\/curiosax.com\/hr\/wp-json\/wp\/v2\/media?parent=73"}],"curies":[{"name":"wp","href":"https:\/\/api.w.org\/{rel}","templated":true}]}}