{"id":89,"date":"2026-01-14T09:04:14","date_gmt":"2026-01-14T09:04:14","guid":{"rendered":"https:\/\/curiosax.com\/cookie-policy\/"},"modified":"2026-01-22T17:29:40","modified_gmt":"2026-01-22T17:29:40","slug":"cookie-policy","status":"publish","type":"page","link":"https:\/\/curiosax.com\/es\/cookie-policy\/","title":{"rendered":"Pol\u00edtica de cookies"},"content":{"rendered":"<div data-elementor-type=\"wp-page\" data-elementor-id=\"89\" class=\"elementor elementor-89\" data-elementor-post-type=\"page\">\n\t\t\t\t<div class=\"elementor-element elementor-element-450cae26 e-flex e-con-boxed e-con e-parent\" data-id=\"450cae26\" data-element_type=\"container\" data-e-type=\"container\" data-settings=\"{&quot;background_background&quot;:&quot;classic&quot;}\">\n\t\t\t\t\t<div class=\"e-con-inner\">\n\t\t\t\t<div class=\"elementor-element elementor-element-33ba68d7 elementor-widget elementor-widget-heading\" data-id=\"33ba68d7\" data-element_type=\"widget\" data-e-type=\"widget\" data-widget_type=\"heading.default\">\n\t\t\t\t\t<h2 class=\"elementor-heading-title elementor-size-default\">Pol\u00edtica de cookies<\/h2>\t\t\t\t<\/div>\n\t\t\t\t\t<\/div>\n\t\t\t\t<\/div>\n\t\t<div class=\"elementor-element elementor-element-4f2754ab e-flex e-con-boxed e-con e-parent\" data-id=\"4f2754ab\" data-element_type=\"container\" data-e-type=\"container\">\n\t\t\t\t\t<div class=\"e-con-inner\">\n\t\t\t\t<div class=\"elementor-element elementor-element-1aea267e elementor-widget elementor-widget-text-editor\" data-id=\"1aea267e\" data-element_type=\"widget\" data-e-type=\"widget\" data-widget_type=\"text-editor.default\">\n\t\t\t\t\t\t\t\t\t<p><strong>La navegaci\u00f3n por el sitio web curiosax.com (en lo sucesivo, \u201cel sitio web\u201d) implica el env\u00edo de cookies y herramientas similares al terminal del usuario.<\/strong><\/p><section data-particle_enable=\"false\" data-particle-mobile-disabled=\"false\" data-id=\"29efe3bb\" data-element_type=\"section\"><div><div data-id=\"7b6096bb\" data-element_type=\"column\"><div><div data-id=\"4f8dbe0d\" data-element_type=\"widget\" data-widget_type=\"text-editor.default\"><div><p>Por lo tanto, seg\u00fan lo prescrito por los art\u00edculos. 13 y 122 del Decreto Legislativo 196\/2003 (\u201cc\u00f3digo de privacidad\u201d), as\u00ed como de conformidad con lo dispuesto en la Disposici\u00f3n General del Garante de Privacidad de 8 de mayo de 2014, curiosax.com, controlador de datos, (indicado como \u201cControlador de Datos\u201d o \u201ccuriosax\u201d), proporciona a los usuarios informaci\u00f3n relativa a las cookies o sistemas similares utilizados o cuya instalaci\u00f3n est\u00e1 permitida.<\/p><p>Qu\u00e9 son las cookies<\/p><p>Las cookies son peque\u00f1as cadenas de texto que los sitios visitados por el usuario env\u00edan a su terminal (normalmente al navegador), donde se almacenan antes de ser retransmitidas a los mismos sitios en la siguiente visita del mismo usuario.<\/p><p>Se dividen en cookies t\u00e9cnicas (utilizadas con el \u00fanico fin de transmitir una comunicaci\u00f3n a trav\u00e9s de una red de comunicaciones electr\u00f3nicas o en la medida estrictamente necesaria para el prestador de un servicio de la sociedad de la informaci\u00f3n expl\u00edcitamente solicitado) o cookies de elaboraci\u00f3n de perfiles (destinadas a crear perfiles relativos al usuario y utilizadas con el fin de enviar mensajes publicitarios en funci\u00f3n de las preferencias expresadas por el usuario durante la navegaci\u00f3n).<\/p><p>Durante la navegaci\u00f3n, el usuario tambi\u00e9n puede recibir en su terminal cookies enviadas desde diferentes sitios o servidores web (las denominadas cookies de \u201cterceros\u201d), establecidas directamente por los gestores de dichos sitios web y utilizadas para los fines y seg\u00fan los m\u00e9todos definidos por \u00e9stos.<\/p><p>Cu\u00e1les son las herramientas similares para las que se aplican las mismas normas que para las cookies<\/p><p>La normativa relativa al uso de cookies tambi\u00e9n afecta a otras herramientas similares.<\/p><p>Son aquellas herramientas (como p\u00edxeles, web beacons, web bugs, clear GIFs u otros) que permiten la identificaci\u00f3n del usuario o del terminal y que, por tanto, han sido incluidas en el \u00e1mbito de aplicaci\u00f3n de la disposici\u00f3n del Garante de Privacidad de 8 de mayo de 2014.<\/p><p>Tipos de cookies que utiliza este sitio<\/p><p>El Sitio utiliza cookies t\u00e9cnicas, as\u00ed como cookies anal\u00edticas de terceros y cookies de elaboraci\u00f3n de perfiles de terceros y herramientas similares.<\/p><p>Cookies t\u00e9cnicas<\/p><p>El sitio utiliza cookies t\u00e9cnicas, con respecto a las cuales, de conformidad con el art. 122 del c\u00f3digo de privacidad y la Disposici\u00f3n del Garante de 8 de mayo de 2014, no se requiere el consentimiento de la parte interesada.<\/p><p>M\u00e1s concretamente, el sitio utiliza las siguientes cookies t\u00e9cnicas:<\/p><table><tbody><tr><td><p>NOMBRE DE LA GALLETA<\/p><\/td><td><p>EXPIRACI\u00d3N<\/p><\/td><\/tr><tr><td><p>PHPSESSID<\/p><\/td><td><p>Al final de la sesi\u00f3n de navegaci\u00f3n<\/p><\/td><\/tr><tr><td><p>Icl_current_language(para almacenar el idioma seleccionado)<\/p><\/td><td><p>Al final de la sesi\u00f3n de navegaci\u00f3n<\/p><\/td><\/tr><tr><td><p>wordpress_logged_in_(para almacenar las credenciales de acceso al \u00e1rea reservada)<\/p><\/td><td><p>Al final de la sesi\u00f3n de navegaci\u00f3n<\/p><\/td><\/tr><tr><td><p>wordpress_test_cookie<br \/>(WordPress establece esta cookie cuando usted inicia sesi\u00f3n desde la p\u00e1gina de inicio de sesi\u00f3n. La cookie se utiliza para comprobar si su navegador est\u00e1 configurado para permitir o rechazar cookies).<\/p><\/td><td><p>Al final de la sesi\u00f3n de navegaci\u00f3n<\/p><\/td><\/tr><tr><td><p>wordpress_xxxxx<br \/>(WordPress utiliza estas cookies para almacenar los datos de autenticaci\u00f3n)<\/p><\/td><td><p>Al final de la sesi\u00f3n de navegaci\u00f3n<\/p><\/td><\/tr><tr><td><p>wp-configuraci\u00f3n-1<br \/>(WordPress utiliza esta cookie para personalizar la visualizaci\u00f3n de la interfaz de administraci\u00f3n y posiblemente tambi\u00e9n la interfaz principal del sitio).<\/p><\/td><td><p>1 a\u00f1o<\/p><\/td><\/tr><tr><td><p>wp-configuraci\u00f3n-tiempo-1<br \/>(WordPress utiliza esta cookie para personalizar la visualizaci\u00f3n de la interfaz de administraci\u00f3n y posiblemente tambi\u00e9n la interfaz principal del sitio).<\/p><\/td><td><p>1 a\u00f1o<\/p><\/td><\/tr><tr><td><p>w3tc_referrer (para el correcto funcionamiento de la plataforma)<\/p><\/td><td><p>Finaliza cuando se cierra el navegador<\/p><\/td><\/tr><tr><td><p>bp-activity-oldestpage<\/p><\/td><td><p>Al final de la sesi\u00f3n de navegaci\u00f3n<\/p><\/td><\/tr><tr><td><p>woocommerce_recently_viewed(Se utiliza para crear una estad\u00edstica de los objetos de comercio electr\u00f3nico visitados recientemente)<\/p><\/td><td><p>Al final de la sesi\u00f3n de navegaci\u00f3n<\/p><\/td><\/tr><tr><td><p>woocommerce_items_in_cart<br \/>(contiene un c\u00f3digo \u00fanico para cada usuario, de modo que es posible recuperar la informaci\u00f3n del carrito de una base de datos creada para cada usuario. En esta cookie no se almacena ninguna informaci\u00f3n personal)<\/p><\/td><td><p>Al final de la sesi\u00f3n de navegaci\u00f3n<\/p><\/td><\/tr><tr><td><p>woocommerce_cart_hash (contiene un c\u00f3digo \u00fanico para cada usuario, de forma que es posible recuperar la informaci\u00f3n del carrito de una base de datos creada para cada usuario. No se almacena informaci\u00f3n personal en esta cookie)<\/p><\/td><td><p>Al final de la sesi\u00f3n de navegaci\u00f3n<\/p><\/td><\/tr><tr><td><p>wp_woocommerce_session(contiene informaci\u00f3n sobre todo el carrito y ayuda al sistema de comercio electr\u00f3nico a saber cu\u00e1ndo cambia la informaci\u00f3n del carrito. No se almacena informaci\u00f3n personal en esta cookie)<\/p><\/td><td><p>Un d\u00eda<\/p><\/td><\/tr><tr><td><p>cookie_notice_accepted (evita que la informaci\u00f3n breve contenida en el banner vuelva a aparecer en el caso de conexiones realizadas dentro del plazo)<\/p><\/td><td><p>2 a\u00f1os<\/p><\/td><\/tr><tr><td><p>cookieaccepted (evita que la informaci\u00f3n breve contenida en el banner vuelva a aparecer en el caso de conexiones realizadas dentro del plazo)<\/p><\/td><td><p>2 a\u00f1os<\/p><\/td><\/tr><\/tbody><\/table><p>Cookies de terceros<\/p><p>A trav\u00e9s del sitio se instalan algunas cookies no t\u00e9cnicas de terceros, que se activan al hacer clic en el bot\u00f3n \u201cAceptar\u201d dentro del banner que el usuario ve al acceder al sitio web o al continuar desplaz\u00e1ndose.<\/p><p>Se informa detalladamente de cada una de las cookies de terceros, as\u00ed como de los enlaces a trav\u00e9s de los cuales el usuario puede recibir m\u00e1s informaci\u00f3n y solicitar la desactivaci\u00f3n de las cookies.<\/p><p><em>Google Analytics<\/em><\/p><p>El Sitio utiliza Google Analytics con fines de an\u00e1lisis.<\/p><p>Este es un servicio de an\u00e1lisis web prestado por Google que utiliza cookies, que se almacenan en el ordenador del usuario para permitir el an\u00e1lisis estad\u00edstico sobre el uso del sitio web visitado; Tambi\u00e9n hay que se\u00f1alar que, adem\u00e1s de las cookies, Google tambi\u00e9n utiliza una etiqueta de p\u00edxel (\u00a0<a href=\"http:\/\/www.google.it\/intl\/it\/policies\/privacy\/key-terms\/\">http:\/\/www.google.it\/intl\/it\/policies\/privacy\/key-terms\/<\/a>\u00a0).<\/p><p>Los datos generados por Google Analytics son almacenados por Google tal y como se indica en la informaci\u00f3n disponible aqu\u00ed\u00a0\u00a0<a href=\"https:\/\/developers.google.com\/analytics\/devguides\/collection\/analyticsjs\/cookie-usage\">https:\/\/developers.google.com\/analytics\/devguides\/collection\/analyticsjs\/cookie-usage<\/a><\/p><p>Para consultar la pol\u00edtica de privacidad de la empresa Google, consulte el sitio web\u00a0\u00a0<a href=\"http:\/\/www.google.com\/intl\/en\/analytics\/privacyoverview.html\">http:\/\/www.google.com\/intl\/en\/analytics\/privacyoverview.html<\/a><\/p><p>En el siguiente enlace\u00a0\u00a0<a href=\"https:\/\/support.google.com\/analytics\/answer\/2763052?hl=it\">https:\/\/tools.google.com\/dlpage\/gaoptout?hl=it\u00a0<\/a>\u00a0existe el complemento del navegador para desactivar Google Analytics.<\/p><p><em>Servicios de remarketing de Google<\/em><\/p><p>El Sitio utiliza servicios de remarketing ofrecidos por Google Inc. que implican la instalaci\u00f3n de cookies y p\u00edxeles utilizados para ofrecer anuncios m\u00e1s relevantes para los intereses del usuario. Estas herramientas son utilizadas por el propietario del sitio para actividades de remarketing.<\/p><p>Para consultar la pol\u00edtica de privacidad de la empresa Google y su desactivaci\u00f3n, consulte los siguientes enlaces:\u00a0\u00a0<a href=\"http:\/\/www.google.com\/intl\/it_it\/policies\/technologies\/ads\/-\">http:\/\/www.google.com\/intl\/it_it\/policies\/technologies\/ads\/-\u00a0<\/a>\u00a0<a href=\"https:\/\/www.google.it\/ads\/preferences\">https:\/\/www.google.it\/ads\/ preferencias<\/a>\u00a0\u00a0\u2013<\/p><p><em>Remarketing en Facebook<\/em><\/p><p>El sitio utiliza Facebook Remarketing para actividades de remarketing.<\/p><p>Se trata de un servicio ofrecido por Facebook Inc. que implica la instalaci\u00f3n de cookies y p\u00edxeles utilizados para ofrecer anuncios m\u00e1s relevantes para los intereses del usuario. Estas herramientas son utilizadas por el propietario del sitio para actividades de remarketing.<\/p><p>Para m\u00e1s informaci\u00f3n, incluida la relativa a la desactivaci\u00f3n de estas cookies, recomendamos consultar el siguiente enlace\u00a0<a href=\"https:\/\/www.facebook.com\/help\/cookies\">\u00a0https:\/\/www.facebook.com\/help\/cookies<\/a><\/p><p>Instalaci\u00f3n de cookies<\/p><p>A excepci\u00f3n de las cookies t\u00e9cnicas, la instalaci\u00f3n de otras cookies y herramientas similares se deja a la voluntad del usuario que, despu\u00e9s de haber le\u00eddo la breve informaci\u00f3n contenida en el banner correspondiente, decide autorizar su instalaci\u00f3n pulsando el bot\u00f3n \u201cOK. \u201do continuando desplaz\u00e1ndose.<\/p><p>Deshabilitar las cookies<\/p><p>Sin perjuicio de lo indicado anteriormente respecto a las cookies t\u00e9cnicas necesarias para la navegaci\u00f3n, el usuario puede eliminar otras cookies a trav\u00e9s de las funciones indicadas en esta informaci\u00f3n, en la parte donde se enumeran las cookies utilizadas o directamente a trav\u00e9s de su navegador.<\/p><p>Tenga en cuenta que cada navegador tiene procedimientos diferentes para gestionar la configuraci\u00f3n. Puede obtener instrucciones espec\u00edficas a trav\u00e9s de los siguientes enlaces.<\/p><p><a href=\"http:\/\/windows.microsoft.com\/it-it\/windows7\/block-enable-or-allow-cookies\">Explorador de Microsoft Windows<\/a><\/p><p><a href=\"https:\/\/support.google.com\/chrome\/bin\/answer.py?hl=it&amp;answer=95647&amp;p=cpn_cook\">Google Chrome<\/a><\/p><p><a href=\"http:\/\/support.mozilla.org\/it-IT\/kb\/Enabling\">Mozilla Firefox<\/a><\/p><p><a href=\"http:\/\/support.apple.com\/kb\/PH17191?viewlocale=it_IT&amp;locale=it_IT\">Safari de Apple<\/a><\/p><p>Respecto a los usuarios que navegan desde m\u00f3vil, se especifica que las configuraciones del sistema para excluir el almacenamiento de cookies o para eliminarlas var\u00edan en funci\u00f3n de la marca y\/o modelo del dispositivo utilizado, por lo que es necesario consultar las instrucciones facilitadas por el fabricante .<\/p><p>Para obtener informaci\u00f3n sobre las cookies almacenadas en su terminal y desactivarlas individualmente, consulte el enlace:\u00a0\u00a0<a href=\"http:\/\/www.youronlinechoices.com\/it\/le-tue-scelte\">http:\/\/www.youronlinechoices.com\/it\/le-tue-scelte<\/a>\u00a0.<\/p><p>Derechos del interesado<\/p><p>El interesado podr\u00e1 hacer valer los derechos mencionados en el art. en cualquier momento, sin formalidades, poni\u00e9ndose en contacto con el responsable del tratamiento, incluso enviando un correo electr\u00f3nico a contact@curiosax.com. 7 del Decreto Legislativo 30 de junio de 2003 n. 196, que se reproduce literalmente a continuaci\u00f3n.<\/p><p>Art. 7 Decreto Legislativo 196\/2003<\/p><ol><li>El interesado tiene derecho a obtener la confirmaci\u00f3n de la existencia o inexistencia de datos personales que le conciernan, aunque a\u00fan no est\u00e9n registrados, y su comunicaci\u00f3n en forma inteligible.<\/li><li>El interesado tiene derecho a obtener la indicaci\u00f3n:<\/li><li>(a) el origen de los datos personales;<\/li><li>(b) los fines y m\u00e9todos del tratamiento;<\/li><li>(c) de la l\u00f3gica aplicada en caso de tratamiento efectuado con ayuda de instrumentos electr\u00f3nicos;<\/li><li>(d) los datos de identificaci\u00f3n del propietario, de los directivos y del representante designado de conformidad con el apartado 2 del art\u00edculo 5;<\/li><li>(e) de los sujetos o categor\u00edas de sujetos a los que puedan comunicarse los datos de car\u00e1cter personal o que puedan tener conocimiento de los mismos en calidad de representantes designados en el territorio del Estado, encargados o agentes.<\/li><li>El interesado tiene derecho a obtener:<\/li><li>(a) la actualizaci\u00f3n, rectificaci\u00f3n o, en su caso, integraci\u00f3n de los datos;<\/li><li>b) la cancelaci\u00f3n, la transformaci\u00f3n en forma an\u00f3nima o el bloqueo de los datos tratados en violaci\u00f3n de la ley, incluidos aquellos cuya conservaci\u00f3n no es necesaria en relaci\u00f3n con los fines para los que fueron recogidos o posteriormente tratados;<\/li><li>(c) la certificaci\u00f3n de que las operaciones a que se refieren las letras a) y b) han sido puestas en conocimiento, tambi\u00e9n por lo que respecta a su contenido, de aquellos a quienes se han comunicado o difundido los datos, salvo en el caso en que este requisito resulte imposible o implique el empleo de medios manifiestamente desproporcionados respecto al derecho protegido.<\/li><li>El interesado tiene derecho a oponerse, total o parcialmente:<\/li><li>a) por motivos leg\u00edtimos al tratamiento de los datos personales que le conciernan, aunque sean pertinentes a la finalidad de la recogida;<\/li><li>b) al tratamiento de datos personales que le conciernan con fines de env\u00edo de material publicitario o de venta directa o para la realizaci\u00f3n de estudios de mercado o de comunicaci\u00f3n comercial.<\/li><\/ol><p>Encontrar\u00e1 m\u00e1s informaci\u00f3n sobre el tratamiento de datos personales en la p\u00e1gina de pol\u00edtica de privacidad.<\/p><\/div><p>\u00a0<\/p><p>CHILIS LAB SL - Calle de Parcerisa, 13, 08014 Barcelona Espa\u00f1a<\/p><\/div><\/div><\/div><\/div><\/section>\t\t\t\t\t\t\t\t<\/div>\n\t\t\t\t\t<\/div>\n\t\t\t\t<\/div>\n\t\t<div class=\"elementor-element elementor-element-3ecdf34 e-con-full e-flex e-con e-parent\" data-id=\"3ecdf34\" data-element_type=\"container\" data-e-type=\"container\" data-settings=\"{&quot;background_background&quot;:&quot;classic&quot;}\">\n\t\t<div class=\"elementor-element elementor-element-53018e1 e-con-full e-flex e-con e-child\" data-id=\"53018e1\" data-element_type=\"container\" data-e-type=\"container\" data-settings=\"{&quot;background_background&quot;:&quot;classic&quot;}\">\n\t\t<div class=\"elementor-element elementor-element-a6da15d e-con-full e-flex e-con e-child\" data-id=\"a6da15d\" data-element_type=\"container\" data-e-type=\"container\" data-settings=\"{&quot;background_background&quot;:&quot;classic&quot;}\">\n\t\t<div class=\"elementor-element elementor-element-6a43446 e-flex e-con-boxed e-con e-child\" data-id=\"6a43446\" data-element_type=\"container\" data-e-type=\"container\">\n\t\t\t\t\t<div class=\"e-con-inner\">\n\t\t<div class=\"elementor-element elementor-element-3550a72 e-flex e-con-boxed e-con e-child\" data-id=\"3550a72\" data-element_type=\"container\" data-e-type=\"container\">\n\t\t\t\t\t<div class=\"e-con-inner\">\n\t\t\t\t<div class=\"elementor-element elementor-element-8cd9278 elementor-widget elementor-widget-image\" data-id=\"8cd9278\" data-element_type=\"widget\" data-e-type=\"widget\" data-widget_type=\"image.default\">\n\t\t\t\t\t\t\t\t\t\t\t\t\t\t\t<img fetchpriority=\"high\" decoding=\"async\" width=\"700\" height=\"150\" src=\"https:\/\/curiosax.com\/wp-content\/uploads\/2026\/01\/Loghi-Siti.png\" class=\"attachment-full size-full wp-image-150\" alt=\"\" srcset=\"https:\/\/curiosax.com\/wp-content\/uploads\/2026\/01\/Loghi-Siti.png 700w, https:\/\/curiosax.com\/wp-content\/uploads\/2026\/01\/Loghi-Siti-300x64.png 300w, https:\/\/curiosax.com\/wp-content\/uploads\/2026\/01\/Loghi-Siti-18x4.png 18w\" sizes=\"(max-width: 700px) 100vw, 700px\" \/>\t\t\t\t\t\t\t\t\t\t\t\t\t\t\t<\/div>\n\t\t\t\t<div class=\"elementor-element elementor-element-c3e986d elementor-widget elementor-widget-heading\" data-id=\"c3e986d\" data-element_type=\"widget\" data-e-type=\"widget\" data-widget_type=\"heading.default\">\n\t\t\t\t\t<h2 class=\"elementor-heading-title elementor-size-default\">Ofrecemos una plataforma de comercio electr\u00f3nico fiable y c\u00f3moda, que conecta a las personas con productos que mejoran su vida cotidiana.<\/h2>\t\t\t\t<\/div>\n\t\t\t\t<div class=\"elementor-element elementor-element-3501d01 elementor-icon-list--layout-traditional elementor-list-item-link-full_width elementor-widget elementor-widget-icon-list\" data-id=\"3501d01\" data-element_type=\"widget\" data-e-type=\"widget\" data-widget_type=\"icon-list.default\">\n\t\t\t\t\t\t\t<ul class=\"elementor-icon-list-items\">\n\t\t\t\t\t\t\t<li class=\"elementor-icon-list-item\">\n\t\t\t\t\t\t\t\t\t\t\t<span class=\"elementor-icon-list-icon\">\n\t\t\t\t\t\t\t<svg aria-hidden=\"true\" class=\"e-font-icon-svg e-fas-envelope\" viewbox=\"0 0 512 512\" xmlns=\"http:\/\/www.w3.org\/2000\/svg\"><path d=\"M502.3 190.8c3.9-3.1 9.7-.2 9.7 4.7V400c0 26.5-21.5 48-48 48H48c-26.5 0-48-21.5-48-48V195.6c0-5 5.7-7.8 9.7-4.7 22.4 17.4 52.1 39.5 154.1 113.6 21.1 15.4 56.7 47.8 92.2 47.6 35.7.3 72-32.8 92.3-47.6 102-74.1 131.6-96.3 154-113.7zM256 320c23.2.4 56.6-29.2 73.4-41.4 132.7-96.3 142.8-104.7 173.4-128.7 5.8-4.5 9.2-11.5 9.2-18.9v-19c0-26.5-21.5-48-48-48H48C21.5 64 0 85.5 0 112v19c0 7.4 3.4 14.3 9.2 18.9 30.6 23.9 40.7 32.4 173.4 128.7 16.8 12.2 50.2 41.8 73.4 41.4z\"><\/path><\/svg>\t\t\t\t\t\t<\/span>\n\t\t\t\t\t\t\t\t\t\t<span class=\"elementor-icon-list-text\">info@curiosax.com<\/span>\n\t\t\t\t\t\t\t\t\t<\/li>\n\t\t\t\t\t\t<\/ul>\n\t\t\t\t\t\t<\/div>\n\t\t\t\t<div class=\"elementor-element elementor-element-7731be5 elementor-widget elementor-widget-heading\" data-id=\"7731be5\" data-element_type=\"widget\" data-e-type=\"widget\" data-widget_type=\"heading.default\">\n\t\t\t\t\t<h2 class=\"elementor-heading-title elementor-size-default\">2025 curiosax.com - Todos los derechos reservados. <br> CHILIS LAB SL - Calle de Parcerisa, 13, 08014 Barcelona Espa\u00f1a <br><\/h2>\t\t\t\t<\/div>\n\t\t\t\t\t<\/div>\n\t\t\t\t<\/div>\n\t\t<div class=\"elementor-element elementor-element-7f0ab24 e-flex e-con-boxed e-con e-child\" data-id=\"7f0ab24\" data-element_type=\"container\" data-e-type=\"container\">\n\t\t\t\t\t<div class=\"e-con-inner\">\n\t\t\t\t<div class=\"elementor-element elementor-element-f739c81 elementor-widget elementor-widget-heading\" data-id=\"f739c81\" data-element_type=\"widget\" data-e-type=\"widget\" data-widget_type=\"heading.default\">\n\t\t\t\t\t<h2 class=\"elementor-heading-title elementor-size-default\">ENLACES \u00daTILES<\/h2>\t\t\t\t<\/div>\n\t\t\t\t<div class=\"elementor-element elementor-element-9161fc3 elementor-icon-list--layout-traditional elementor-list-item-link-full_width elementor-widget elementor-widget-icon-list\" data-id=\"9161fc3\" data-element_type=\"widget\" data-e-type=\"widget\" data-widget_type=\"icon-list.default\">\n\t\t\t\t\t\t\t<ul class=\"elementor-icon-list-items\">\n\t\t\t\t\t\t\t<li class=\"elementor-icon-list-item\">\n\t\t\t\t\t\t\t\t\t\t\t<a href=\"https:\/\/curiosax.com\/es\/privacy-policy\/\" target=\"_blank\">\n\n\t\t\t\t\t\t\t\t\t\t\t<span class=\"elementor-icon-list-text\">Pol\u00edtica de privacidad<\/span>\n\t\t\t\t\t\t\t\t\t\t\t<\/a>\n\t\t\t\t\t\t\t\t\t<\/li>\n\t\t\t\t\t\t\t\t<li class=\"elementor-icon-list-item\">\n\t\t\t\t\t\t\t\t\t\t\t<a href=\"https:\/\/curiosax.com\/es\/terms-and-conditions\/\" target=\"_blank\">\n\n\t\t\t\t\t\t\t\t\t\t\t<span class=\"elementor-icon-list-text\">Condiciones generales<\/span>\n\t\t\t\t\t\t\t\t\t\t\t<\/a>\n\t\t\t\t\t\t\t\t\t<\/li>\n\t\t\t\t\t\t\t\t<li class=\"elementor-icon-list-item\">\n\t\t\t\t\t\t\t\t\t\t\t<a href=\"https:\/\/curiosax.com\/es\/cookie-policy\/\" target=\"_blank\">\n\n\t\t\t\t\t\t\t\t\t\t\t<span class=\"elementor-icon-list-text\">Pol\u00edtica de cookies<\/span>\n\t\t\t\t\t\t\t\t\t\t\t<\/a>\n\t\t\t\t\t\t\t\t\t<\/li>\n\t\t\t\t\t\t<\/ul>\n\t\t\t\t\t\t<\/div>\n\t\t\t\t\t<\/div>\n\t\t\t\t<\/div>\n\t\t<div class=\"elementor-element elementor-element-68a5c6a e-flex e-con-boxed e-con e-child\" data-id=\"68a5c6a\" data-element_type=\"container\" data-e-type=\"container\">\n\t\t\t\t\t<div class=\"e-con-inner\">\n\t\t\t\t<div class=\"elementor-element elementor-element-94c1fa8 elementor-widget elementor-widget-heading\" data-id=\"94c1fa8\" data-element_type=\"widget\" data-e-type=\"widget\" data-widget_type=\"heading.default\">\n\t\t\t\t\t<h2 class=\"elementor-heading-title elementor-size-default\">ENTREGA<\/h2>\t\t\t\t<\/div>\n\t\t\t\t<div class=\"elementor-element elementor-element-b107f90 elementor-icon-list--layout-traditional elementor-list-item-link-full_width elementor-widget elementor-widget-icon-list\" data-id=\"b107f90\" data-element_type=\"widget\" data-e-type=\"widget\" data-widget_type=\"icon-list.default\">\n\t\t\t\t\t\t\t<ul class=\"elementor-icon-list-items\">\n\t\t\t\t\t\t\t<li class=\"elementor-icon-list-item\">\n\t\t\t\t\t\t\t\t\t\t\t<a href=\"https:\/\/curiosax.com\/es\/shipping-policy\/\" target=\"_blank\">\n\n\t\t\t\t\t\t\t\t\t\t\t<span class=\"elementor-icon-list-text\">Pol\u00edtica de env\u00edos<\/span>\n\t\t\t\t\t\t\t\t\t\t\t<\/a>\n\t\t\t\t\t\t\t\t\t<\/li>\n\t\t\t\t\t\t\t\t<li class=\"elementor-icon-list-item\">\n\t\t\t\t\t\t\t\t\t\t\t<a href=\"https:\/\/curiosax.com\/es\/refund-policy\/\" target=\"_blank\">\n\n\t\t\t\t\t\t\t\t\t\t\t<span class=\"elementor-icon-list-text\">Pol\u00edtica de reembolso<\/span>\n\t\t\t\t\t\t\t\t\t\t\t<\/a>\n\t\t\t\t\t\t\t\t\t<\/li>\n\t\t\t\t\t\t<\/ul>\n\t\t\t\t\t\t<\/div>\n\t\t\t\t\t<\/div>\n\t\t\t\t<\/div>\n\t\t\t\t\t<\/div>\n\t\t\t\t<\/div>\n\t\t\t\t<\/div>\n\t\t\t\t<\/div>\n\t\t\t\t<\/div>\n\t\t\t\t<\/div>","protected":false},"excerpt":{"rendered":"<p>Cookie Policy Browsing the curiosax.com website (hereinafter also referred to as the &#8220;website&#8221;) involves the sending of cookies and similar tools to the user&#8217;s terminal. Therefore, as prescribed by the articles. 13 and 122 of Legislative Decree 196\/2003 (&#8220;privacy code&#8221;), as well as in accordance with the provisions of the General Provision of the Privacy [&hellip;]<\/p>","protected":false},"author":2,"featured_media":0,"parent":0,"menu_order":0,"comment_status":"closed","ping_status":"closed","template":"elementor_canvas","meta":{"footnotes":""},"class_list":["post-89","page","type-page","status-publish","hentry"],"_hostinger_reach_plugin_has_subscription_block":false,"_hostinger_reach_plugin_is_elementor":false,"_links":{"self":[{"href":"https:\/\/curiosax.com\/es\/wp-json\/wp\/v2\/pages\/89","targetHints":{"allow":["GET"]}}],"collection":[{"href":"https:\/\/curiosax.com\/es\/wp-json\/wp\/v2\/pages"}],"about":[{"href":"https:\/\/curiosax.com\/es\/wp-json\/wp\/v2\/types\/page"}],"author":[{"embeddable":true,"href":"https:\/\/curiosax.com\/es\/wp-json\/wp\/v2\/users\/2"}],"replies":[{"embeddable":true,"href":"https:\/\/curiosax.com\/es\/wp-json\/wp\/v2\/comments?post=89"}],"version-history":[{"count":7,"href":"https:\/\/curiosax.com\/es\/wp-json\/wp\/v2\/pages\/89\/revisions"}],"predecessor-version":[{"id":186,"href":"https:\/\/curiosax.com\/es\/wp-json\/wp\/v2\/pages\/89\/revisions\/186"}],"wp:attachment":[{"href":"https:\/\/curiosax.com\/es\/wp-json\/wp\/v2\/media?parent=89"}],"curies":[{"name":"wp","href":"https:\/\/api.w.org\/{rel}","templated":true}]}}